{"id":13784,"date":"2020-08-07T08:36:27","date_gmt":"2020-08-07T08:36:27","guid":{"rendered":"https:\/\/lux-medicus.ee\/?page_id=13784"},"modified":"2020-08-18T16:18:59","modified_gmt":"2020-08-18T13:18:59","slug":"offers","status":"publish","type":"page","link":"https:\/\/lux-medicus.ee\/ru\/offers\/","title":{"rendered":"\u0410\u043a\u0446\u0438\u0438"},"content":{"rendered":"<p>[vc_row][vc_column][vc_basic_grid post_type=&#187;post&#187; max_items=&#187;&#187; show_filter=&#187;yes&#187; element_width=&#187;3&#8243; item=&#187;13791&#8243; grid_id=&#187;vc_gid:1597756697592-ec57b06e-db78-3&#8243; taxonomies=&#187;58, 59&#8243; filter_source=&#187;category&#187; exclude_filter=&#187;12&#8243;][vc_empty_space][vc_row_inner el_class=&#187;terms&#187;][vc_column_inner width=&#187;1\/2&#8243;][vc_btn title=&#187;\u041e\u0431\u0449\u0438\u0435 \u043f\u0440\u0430\u0432\u0438\u043b\u0430 \u043f\u043e\u043b\u044c\u0437\u043e\u0432\u0430\u043d\u0438\u044f \u043f\u0440\u0435\u0434\u043b\u043e\u0436\u0435\u043d\u0438\u044f\u043c\u0438 \u0438 \u043f\u0430\u043a\u0435\u0442\u0430\u043c\u0438&#187; size=&#187;lg&#187; align=&#187;center&#187; i_icon_fontawesome=&#187;far fa-file&#187; button_block=&#187;true&#187; add_icon=&#187;true&#187; link=&#187;url:https%3A%2F%2Flux-medicus.ee%2Fru%2Fmuugitingimused%2F|title:%D0%A3%D1%81%D0%BB%D0%BE%D0%B2%D0%B8%D1%8F%20%D0%9F%D1%80%D0%BE%D0%B4%D0%B0%D0%B6%D0%B8||&#187; el_class=&#187;of-btn&#187; css=&#187;.vc_custom_1597432458380{margin-right: 30px !important;}&#187;][\/vc_column_inner][vc_column_inner width=&#187;1\/2&#8243;][vc_btn title=&#187;\u041f\u0440\u0435\u0439\u0441\u043a\u0443\u0440\u0430\u043d\u0442 \u043a\u043b\u0438\u043d\u0438\u043a\u0438&#187; size=&#187;lg&#187; align=&#187;center&#187; i_icon_fontawesome=&#187;fas fa-wallet&#187; button_block=&#187;true&#187; add_icon=&#187;true&#187; link=&#187;url:https%3A%2F%2Flux-medicus.ee%2Fru%2Fhinnakiri%2F|title:%D0%A3%D1%81%D0%BB%D0%BE%D0%B2%D0%B8%D1%8F%20%D0%9F%D1%80%D0%BE%D0%B4%D0%B0%D0%B6%D0%B8||&#187; el_class=&#187;of-btn&#187;][\/vc_column_inner][\/vc_row_inner][vc_empty_space height=&#187;50px&#187;][\/vc_column][\/vc_row][vc_row full_width=&#187;stretch_row&#187; parallax=&#187;content-moving&#187; parallax_image=&#187;14267&#8243; el_id=&#187;service-registration-form&#187; el_class=&#187;terms&#187;][vc_column width=&#187;1\/3&#8243; el_class=&#187;of-form&#187;][vc_column_text css=&#187;.vc_custom_1597412789157{padding-top: 2rem !important;padding-right: 2rem !important;padding-bottom: 2rem !important;padding-left: 2rem !important;background-color: #ffffff !important;border-radius: 10px !important;}&#187;]<\/p>\n<div class=\"wpb_text_column us_custom_72595dac\">\n<div class=\"wpb_wrapper\">\n<h5 style=\"text-align: center;\"><span style=\"color: #000000;\">\u0417\u0430\u043f\u0438\u0441\u044c \u043d\u0430 \u0431\u0435\u0441\u043f\u043b\u0430\u0442\u043d\u0443\u044e \u043a\u043e\u043d\u0441\u0443\u043b\u044c\u0442\u0430\u0446\u0438\u044e<\/span><\/h5>\n<\/div>\n<\/div>\n<div class=\"wpcf7 no-js\" id=\"wpcf7-f3622-o1\" lang=\"et\" dir=\"ltr\" data-wpcf7-id=\"3622\">\n<div class=\"screen-reader-response\"><p role=\"status\" aria-live=\"polite\" aria-atomic=\"true\"><\/p> <ul><\/ul><\/div>\n<form action=\"\/ru\/wp-json\/wp\/v2\/pages\/13784#wpcf7-f3622-o1\" method=\"post\" class=\"wpcf7-form init\" aria-label=\"Contact form\" novalidate=\"novalidate\" data-status=\"init\">\n<fieldset class=\"hidden-fields-container\"><input type=\"hidden\" name=\"_wpcf7\" value=\"3622\" \/><input type=\"hidden\" name=\"_wpcf7_version\" value=\"6.1.5\" \/><input type=\"hidden\" name=\"_wpcf7_locale\" value=\"et\" \/><input type=\"hidden\" name=\"_wpcf7_unit_tag\" value=\"wpcf7-f3622-o1\" \/><input type=\"hidden\" name=\"_wpcf7_container_post\" value=\"0\" \/><input type=\"hidden\" name=\"_wpcf7_posted_data_hash\" value=\"\" \/>\n<\/fieldset>\n<div class=\"free-form\">\n\t<div class=\"free-form-left\">\n\t\t<p><span class=\"wpcf7-form-control-wrap\" data-name=\"your-name\"><input size=\"40\" maxlength=\"400\" class=\"wpcf7-form-control wpcf7-text wpcf7-validates-as-required\" aria-required=\"true\" aria-invalid=\"false\" placeholder=\"\u0412\u0430\u0448\u0435 \u0438\u043c\u044f*\" value=\"\" type=\"text\" name=\"your-name\" \/><\/span><br \/>\n<span class=\"wpcf7-form-control-wrap\" data-name=\"your-email\"><input size=\"40\" maxlength=\"400\" class=\"wpcf7-form-control wpcf7-email wpcf7-validates-as-required wpcf7-text wpcf7-validates-as-email\" aria-required=\"true\" aria-invalid=\"false\" placeholder=\"\u0412\u0430\u0448 email*\" value=\"\" type=\"email\" name=\"your-email\" \/><\/span><br \/>\n<span class=\"wpcf7-form-control-wrap\" data-name=\"your-number\"><input size=\"40\" maxlength=\"400\" class=\"wpcf7-form-control wpcf7-text\" aria-invalid=\"false\" placeholder=\"\u0412\u0430\u0448 \u0442\u0435\u043b\u0435\u0444\u043e\u043d\" value=\"\" type=\"text\" name=\"your-number\" \/><\/span><br \/>\n<span class=\"wpcf7-form-control-wrap\" data-name=\"the-location\"><select class=\"wpcf7-form-control wpcf7-select\" aria-invalid=\"false\" name=\"the-location\"><option value=\"\">\u0412\u044b\u0431\u0435\u0440\u0438\u0442\u0435 \u043c\u0435\u0441\u0442\u043e<\/option><option value=\"Kesklinn: J\u00f5e 2b - Iluteenused, Ilus\u00fcstid, neuroloogia\">Kesklinn: J\u00f5e 2b - Iluteenused, Ilus\u00fcstid, neuroloogia<\/option><option value=\"Mustam\u00e4e: Sipelga 2 - Iluteenused\">Mustam\u00e4e: Sipelga 2 - Iluteenused<\/option><option value=\"Lasnam\u00e4e: Linnam\u00e4e tee 3 - Iluteenused, Ilus\u00fcstid, neuroloogia\">Lasnam\u00e4e: Linnam\u00e4e tee 3 - Iluteenused, Ilus\u00fcstid, neuroloogia<\/option><option value=\"Helsinki: Fredrikinkatu 64 - Iluteenused, Ilus\u00fcstid\">Helsinki: Fredrikinkatu 64 - Iluteenused, Ilus\u00fcstid<\/option><option value=\"Vantaa: Vernissakatu 6\">Vantaa: Vernissakatu 6<\/option><\/select><\/span><br \/>\n<span class=\"wpcf7-form-control-wrap\" data-name=\"your-service\"><select class=\"wpcf7-form-control wpcf7-select\" aria-invalid=\"false\" name=\"your-service\"><option value=\"\">\u0412\u044b\u0431\u0435\u0440\u0438\u0442\u0435 \u0443\u0441\u043b\u0443\u0433\u0443<\/option><option value=\"\u0411\u0435\u0441\u043f\u043b\u0430\u0442\u043d\u0430\u044f \u043a\u043e\u043d\u0441\u0443\u043b\u044c\u0442\u0430\u0446\u0438\u044f\">\u0411\u0435\u0441\u043f\u043b\u0430\u0442\u043d\u0430\u044f \u043a\u043e\u043d\u0441\u0443\u043b\u044c\u0442\u0430\u0446\u0438\u044f<\/option><option value=\"\u0423\u043a\u043e\u043b\u044b \u043a\u0440\u0430\u0441\u043e\u0442\u044b: Lasnam\u00e4e, Kesklinn, Helsinki\">\u0423\u043a\u043e\u043b\u044b \u043a\u0440\u0430\u0441\u043e\u0442\u044b: Lasnam\u00e4e, Kesklinn, Helsinki<\/option><option value=\"\u041c\u0435\u0437\u043e\u043d\u0438\u0442\u0438: Lasnam\u00e4e, Kesklinn\">\u041c\u0435\u0437\u043e\u043d\u0438\u0442\u0438: Lasnam\u00e4e, Kesklinn<\/option><option value=\"\u041b\u0430\u0437\u0435\u0440\u043d\u044b\u0435 \u043f\u0440\u043e\u0446\u0435\u0434\u0443\u0440\u044b\">\u041b\u0430\u0437\u0435\u0440\u043d\u044b\u0435 \u043f\u0440\u043e\u0446\u0435\u0434\u0443\u0440\u044b<\/option><option value=\"\u042d\u0441\u0442\u0435\u0442\u0438\u0447\u0435\u0441\u043a\u0430\u044f \u043c\u0435\u0434\u0438\u0446\u0438\u043d\u0430: Lasnam\u00e4e, Kesklinn\">\u042d\u0441\u0442\u0435\u0442\u0438\u0447\u0435\u0441\u043a\u0430\u044f \u043c\u0435\u0434\u0438\u0446\u0438\u043d\u0430: Lasnam\u00e4e, Kesklinn<\/option><option value=\"\u041f\u0440\u043e\u0446\u0435\u0434\u0443\u0440\u044b \u043f\u043e \u043b\u0438\u0446\u0443\">\u041f\u0440\u043e\u0446\u0435\u0434\u0443\u0440\u044b \u043f\u043e \u043b\u0438\u0446\u0443<\/option><option value=\"\u041f\u0440\u043e\u0446\u0435\u0434\u0443\u0440\u044b \u043f\u043e \u0442\u0435\u043b\u0443\">\u041f\u0440\u043e\u0446\u0435\u0434\u0443\u0440\u044b \u043f\u043e \u0442\u0435\u043b\u0443<\/option><option value=\"\u0422\u0440\u0438\u0445\u043e\u043b\u043e\u0433\u0438\u044f\">\u0422\u0440\u0438\u0445\u043e\u043b\u043e\u0433\u0438\u044f<\/option><option value=\"\u041f\u0438\u043b\u0438\u043d\u0433\u0438\">\u041f\u0438\u043b\u0438\u043d\u0433\u0438<\/option><option value=\"\u0410\u043f\u043f\u0430\u0440\u0430\u0442\u043d\u0430\u044f \u043a\u043e\u0441\u043c\u0435\u0442\u043e\u043b\u043e\u0433\u0438\u044f\">\u0410\u043f\u043f\u0430\u0440\u0430\u0442\u043d\u0430\u044f \u043a\u043e\u0441\u043c\u0435\u0442\u043e\u043b\u043e\u0433\u0438\u044f<\/option><option value=\"\u041e\u0442\u0431\u0435\u043b\u0438\u0432\u0430\u043d\u0438\u0435 \u0437\u0443\u0431\u043e\u0432: Lasnam\u00e4e, Kesklinn\">\u041e\u0442\u0431\u0435\u043b\u0438\u0432\u0430\u043d\u0438\u0435 \u0437\u0443\u0431\u043e\u0432: Lasnam\u00e4e, Kesklinn<\/option><option value=\"ELOS \u044d\u043f\u0438\u043b\u044f\u0446\u0438\u044f\">ELOS \u044d\u043f\u0438\u043b\u044f\u0446\u0438\u044f<\/option><option value=\"\u0414\u0440\u0443\u0433\u043e\u0435\">\u0414\u0440\u0443\u0433\u043e\u0435<\/option><\/select><\/span>\n\t\t<\/p>\n\t<\/div>\n\t<div class=\"free-form-right\">\n\t\t<p><span class=\"wpcf7-form-control-wrap\" data-name=\"StartDate\"><input size=\"40\" maxlength=\"400\" class=\"wpcf7-form-control wpcf7-text bookingdata\" aria-invalid=\"false\" value=\"\" type=\"text\" name=\"StartDate\" \/><\/span><br \/>\n<input class=\"wpcf7-form-control wpcf7-submit has-spinner\" type=\"submit\" value=\"\u0417\u0430\u043f\u0438\u0441\u0430\u0442\u044c\u0441\u044f\" \/>\n\t\t<\/p>\n\t<\/div>\n<\/div><p style=\"display: none !important;\" class=\"akismet-fields-container\" data-prefix=\"_wpcf7_ak_\"><label>&#916;<textarea name=\"_wpcf7_ak_hp_textarea\" cols=\"45\" rows=\"8\" maxlength=\"100\"><\/textarea><\/label><input type=\"hidden\" id=\"ak_js_1\" name=\"_wpcf7_ak_js\" value=\"154\"\/><script>document.getElementById( \"ak_js_1\" ).setAttribute( \"value\", ( new Date() ).getTime() );<\/script><\/p><input type='hidden' class='wpcf7-pum' value='{\"closepopup\":false,\"closedelay\":0,\"openpopup\":false,\"openpopup_id\":0}' \/><div class=\"wpcf7-response-output\" aria-hidden=\"true\"><\/div>\n<\/form>\n<\/div>\n[\/vc_column_text][\/vc_column][vc_column width=&#187;2\/3&#8243;][\/vc_column][\/vc_row]<\/p>\n","protected":false},"excerpt":{"rendered":"<p>[vc_row][vc_column][vc_basic_grid post_type=&#187;post&#187; max_items=&#187;&#187; show_filter=&#187;yes&#187; element_width=&#187;3&#8243; item=&#187;13791&#8243; grid_id=&#187;vc_gid:1597756697592-ec57b06e-db78-3&#8243; taxonomies=&#187;58, 59&#8243; filter_source=&#187;category&#187; exclude_filter=&#187;12&#8243;][vc_empty_space][vc_row_inner el_class=&#187;terms&#187;][vc_column_inner width=&#187;1\/2&#8243;][vc_btn title=&#187;\u041e\u0431\u0449\u0438\u0435 \u043f\u0440\u0430\u0432\u0438\u043b\u0430 \u043f\u043e\u043b\u044c\u0437\u043e\u0432\u0430\u043d\u0438\u044f \u043f\u0440\u0435\u0434\u043b\u043e\u0436\u0435\u043d\u0438\u044f\u043c\u0438 \u0438 \u043f\u0430\u043a\u0435\u0442\u0430\u043c\u0438&#187; size=&#187;lg&#187; align=&#187;center&#187; i_icon_fontawesome=&#187;far fa-file&#187; button_block=&#187;true&#187; add_icon=&#187;true&#187; link=&#187;url:https%3A%2F%2Flux-medicus.ee%2Fru%2Fmuugitingimused%2F|title:%D0%A3%D1%81%D0%BB%D0%BE%D0%B2%D0%B8%D1%8F%20%D0%9F%D1%80%D0%BE%D0%B4%D0%B0%D0%B6%D0%B8||&#187; el_class=&#187;of-btn&#187; css=&#187;.vc_custom_1597432458380{margin-right: 30px !important;}&#187;][\/vc_column_inner][vc_column_inner width=&#187;1\/2&#8243;][vc_btn title=&#187;\u041f\u0440\u0435\u0439\u0441\u043a\u0443\u0440\u0430\u043d\u0442 \u043a\u043b\u0438\u043d\u0438\u043a\u0438&#187; size=&#187;lg&#187; align=&#187;center&#187; i_icon_fontawesome=&#187;fas fa-wallet&#187; button_block=&#187;true&#187; add_icon=&#187;true&#187; link=&#187;url:https%3A%2F%2Flux-medicus.ee%2Fru%2Fhinnakiri%2F|title:%D0%A3%D1%81%D0%BB%D0%BE%D0%B2%D0%B8%D1%8F%20%D0%9F%D1%80%D0%BE%D0%B4%D0%B0%D0%B6%D0%B8||&#187; el_class=&#187;of-btn&#187;][\/vc_column_inner][\/vc_row_inner][vc_empty_space height=&#187;50px&#187;][\/vc_column][\/vc_row][vc_row full_width=&#187;stretch_row&#187; parallax=&#187;content-moving&#187; parallax_image=&#187;14267&#8243; el_id=&#187;service-registration-form&#187; el_class=&#187;terms&#187;][vc_column width=&#187;1\/3&#8243; el_class=&#187;of-form&#187;][vc_column_text css=&#187;.vc_custom_1597412789157{padding-top: 2rem !important;padding-right: 2rem !important;padding-bottom: 2rem !important;padding-left: 2rem !important;background-color: #ffffff !important;border-radius: 10px !important;}&#187;]<\/p>\n<p>\u0417\u0430\u043f\u0438\u0441\u044c \u043d\u0430 \u0431\u0435\u0441\u043f\u043b\u0430\u0442\u043d\u0443\u044e \u043a\u043e\u043d\u0441\u0443\u043b\u044c\u0442\u0430\u0446\u0438\u044e<\/p>\n<p>[\/vc_column_text][\/vc_column][vc_column width=&#187;2\/3&#8243;][\/vc_column][\/vc_row]<\/p>\n","protected":false},"author":6,"featured_media":0,"parent":0,"menu_order":0,"comment_status":"closed","ping_status":"closed","template":"fullwidth.php","meta":{"_acf_changed":false,"inline_featured_image":false,"footnotes":""},"class_list":["post-13784","page","type-page","status-publish","hentry"],"acf":[],"_links":{"self":[{"href":"https:\/\/lux-medicus.ee\/ru\/wp-json\/wp\/v2\/pages\/13784","targetHints":{"allow":["GET"]}}],"collection":[{"href":"https:\/\/lux-medicus.ee\/ru\/wp-json\/wp\/v2\/pages"}],"about":[{"href":"https:\/\/lux-medicus.ee\/ru\/wp-json\/wp\/v2\/types\/page"}],"author":[{"embeddable":true,"href":"https:\/\/lux-medicus.ee\/ru\/wp-json\/wp\/v2\/users\/6"}],"replies":[{"embeddable":true,"href":"https:\/\/lux-medicus.ee\/ru\/wp-json\/wp\/v2\/comments?post=13784"}],"version-history":[{"count":14,"href":"https:\/\/lux-medicus.ee\/ru\/wp-json\/wp\/v2\/pages\/13784\/revisions"}],"predecessor-version":[{"id":14270,"href":"https:\/\/lux-medicus.ee\/ru\/wp-json\/wp\/v2\/pages\/13784\/revisions\/14270"}],"wp:attachment":[{"href":"https:\/\/lux-medicus.ee\/ru\/wp-json\/wp\/v2\/media?parent=13784"}],"curies":[{"name":"wp","href":"https:\/\/api.w.org\/{rel}","templated":true}]}}