{"id":1936,"date":"2016-08-22T02:18:35","date_gmt":"2016-08-22T02:18:35","guid":{"rendered":"http:\/\/lux-medicus.ee\/?page_id=1936&#038;lang=fi"},"modified":"2018-10-12T10:39:25","modified_gmt":"2018-10-12T10:39:25","slug":"credit","status":"publish","type":"page","link":"https:\/\/lux-medicus.ee\/fi\/credit\/","title":{"rendered":"Credit"},"content":{"rendered":"<h5>K\u00f5igepealt teenus, siis tasu!<\/h5>\n<p>Kliinikul Lux-Medicus on r\u00f5\u00f5m Teile teatada, et Te saate kliiniku teenuseid kasutada ka j\u00e4relmaksuga ja seda v\u00e4ga paindlikel ja soodsatel tingimustel!<\/p>\n<p>Kliinikus kehtib j\u00e4relmaksu programm, t\u00e4nu millele saate esmalt kasutada kliiniku teenuseid, nende eest tasuda aga hiljem.<\/p>\n<h5>J\u00e4relmaksu eelised:<\/h5>\n<ul>\n<li>J\u00e4relmaksu v\u00f5imalus alates 150\u20ac<\/li>\n<li>Esmane sissemaks alates 0% kuni 50%<\/li>\n<li>J\u00e4relmaksutaotluse vormistamise aeg 20\u201340 minutit<\/li>\n<li>Ilma krediidiasutuste ja vahendajateta<\/li>\n<\/ul>\n<h5>N\u00f5uded j\u00e4relmaksu taotlejale:<\/h5>\n<ul>\n<li>Vanus v\u00e4hemalt 18 eluaastat<\/li>\n<li>Vajalik isikutt\u00f5endav dokument<\/li>\n<\/ul>\n<h5>Ja veel:<\/h5>\n<p>Kliinik Lux-Medicus v\u00f5imaldab tasuda teenuste eest j\u00e4relmaksuga, kasutades selleks Liisi, LHV v\u00f5i MediCrediti erinevaid pakkumisi. Lepingu saab s\u00f5lmida nii digitaalselt kui kohapeal, meie kliinikus Lux-Medicus.<\/p>\n<p>Lisateave telefonil 6 700 888 v\u00f5i info@medicus.ee<\/p>\n","protected":false},"excerpt":{"rendered":"<p>K\u00f5igepealt teenus, siis tasu!<\/p>\n<p>Kliinikul Lux-Medicus on r\u00f5\u00f5m Teile teatada, et Te saate kliiniku teenuseid kasutada ka j\u00e4relmaksuga ja seda v\u00e4ga paindlikel ja soodsatel tingimustel!<\/p>\n<p>Kliinikus kehtib j\u00e4relmaksu programm, t\u00e4nu millele saate esmalt kasutada kliiniku teenuseid, nende eest tasuda aga hiljem.<\/p>\n<p>J\u00e4relmaksu eelised:<\/p>\n<ul>\n<li>J\u00e4relmaksu v\u00f5imalus alates 150\u20ac<\/li>\n<li>Esmane sissemaks alates 0% kuni 50%<\/li>\n<li>J\u00e4relmaksutaotluse vormistamise aeg 20\u201340 minutit<\/li>\n<li>Ilma krediidiasutuste ja vahendajateta<\/li>\n<\/ul>\n<p>N\u00f5uded j\u00e4relmaksu taotlejale:<\/p>\n<ul>\n<li>Vanus v\u00e4hemalt 18 eluaastat<\/li>\n<li>Vajalik isikutt\u00f5endav dokument<\/li>\n<\/ul>\n<p>Ja veel:<\/p>\n<p>Kliinik Lux-Medicus v\u00f5imaldab tasuda teenuste eest j\u00e4relmaksuga,<\/p>\n","protected":false},"author":6,"featured_media":0,"parent":0,"menu_order":0,"comment_status":"closed","ping_status":"closed","template":"page.php","meta":{"_acf_changed":false,"inline_featured_image":false,"footnotes":""},"class_list":["post-1936","page","type-page","status-publish","hentry"],"acf":[],"_links":{"self":[{"href":"https:\/\/lux-medicus.ee\/fi\/wp-json\/wp\/v2\/pages\/1936","targetHints":{"allow":["GET"]}}],"collection":[{"href":"https:\/\/lux-medicus.ee\/fi\/wp-json\/wp\/v2\/pages"}],"about":[{"href":"https:\/\/lux-medicus.ee\/fi\/wp-json\/wp\/v2\/types\/page"}],"author":[{"embeddable":true,"href":"https:\/\/lux-medicus.ee\/fi\/wp-json\/wp\/v2\/users\/6"}],"replies":[{"embeddable":true,"href":"https:\/\/lux-medicus.ee\/fi\/wp-json\/wp\/v2\/comments?post=1936"}],"version-history":[{"count":0,"href":"https:\/\/lux-medicus.ee\/fi\/wp-json\/wp\/v2\/pages\/1936\/revisions"}],"wp:attachment":[{"href":"https:\/\/lux-medicus.ee\/fi\/wp-json\/wp\/v2\/media?parent=1936"}],"curies":[{"name":"wp","href":"https:\/\/api.w.org\/{rel}","templated":true}]}}