{"id":1848,"date":"2016-08-21T01:53:00","date_gmt":"2016-08-21T01:53:00","guid":{"rendered":"http:\/\/lux-medicus.ee\/?page_id=1848&#038;lang=fi"},"modified":"2018-10-12T10:34:07","modified_gmt":"2018-10-12T10:34:07","slug":"kinkekaart-fin","status":"publish","type":"page","link":"https:\/\/lux-medicus.ee\/fi\/kinkekaart-fin\/","title":{"rendered":"Lahjakortti"},"content":{"rendered":"<h5><strong>Lux-Medicus \u2013kauneusklinikan lahjakortti<\/strong><\/h5>\n<p>Lux-Medicus \u2013kauneusklinikan lahjakortti on erinomainen lahjaidea mink\u00e4 tahansa juhlan tai merkkip\u00e4iv\u00e4n kunniaksi. Voit itse valita klinikkamme lahjakortin arvon sek\u00e4 toimitus- ja maksutavan.<\/p>\n<p>Tilaa lahjakortti alla olevalla k\u00e4tev\u00e4ll\u00e4 lomakkeella tai tervetuloa klinikkaamme Pikk 9, Tallinna, josta hankit lahjakortin paikan p\u00e4\u00e4ll\u00e4.<\/p>\n\n<div class=\"wpcf7 no-js\" id=\"wpcf7-f1769-o1\" lang=\"et\" dir=\"ltr\" data-wpcf7-id=\"1769\">\n<div class=\"screen-reader-response\"><p role=\"status\" aria-live=\"polite\" aria-atomic=\"true\"><\/p> <ul><\/ul><\/div>\n<form action=\"\/fi\/wp-json\/wp\/v2\/pages\/1848#wpcf7-f1769-o1\" method=\"post\" class=\"wpcf7-form init\" aria-label=\"Contact form\" novalidate=\"novalidate\" data-status=\"init\">\n<fieldset class=\"hidden-fields-container\"><input type=\"hidden\" name=\"_wpcf7\" value=\"1769\" \/><input type=\"hidden\" name=\"_wpcf7_version\" value=\"6.1.5\" \/><input type=\"hidden\" name=\"_wpcf7_locale\" value=\"et\" \/><input type=\"hidden\" name=\"_wpcf7_unit_tag\" value=\"wpcf7-f1769-o1\" \/><input type=\"hidden\" name=\"_wpcf7_container_post\" value=\"0\" \/><input type=\"hidden\" name=\"_wpcf7_posted_data_hash\" value=\"\" \/>\n<\/fieldset>\n<p><span class=\"wpcf7-form-control-wrap\" data-name=\"your-name\"><input size=\"40\" maxlength=\"400\" class=\"wpcf7-form-control wpcf7-text wpcf7-validates-as-required\" aria-required=\"true\" aria-invalid=\"false\" placeholder=\"Nimi (lahjakortin ostaja)*\" value=\"\" type=\"text\" name=\"your-name\" \/><\/span><br \/>\n<span class=\"wpcf7-form-control-wrap\" data-name=\"your-number\"><input size=\"40\" maxlength=\"400\" class=\"wpcf7-form-control wpcf7-text wpcf7-validates-as-required\" aria-required=\"true\" aria-invalid=\"false\" placeholder=\"Puhelin (lahjakortin ostaja)*\" value=\"\" type=\"text\" name=\"your-number\" \/><\/span><br \/>\n<span class=\"wpcf7-form-control-wrap\" data-name=\"your-email\"><input size=\"40\" maxlength=\"400\" class=\"wpcf7-form-control wpcf7-email wpcf7-validates-as-required wpcf7-text wpcf7-validates-as-email\" aria-required=\"true\" aria-invalid=\"false\" placeholder=\"S\u00e4hk\u00f6posti (lahjakortin ostaja)*\" value=\"\" type=\"email\" name=\"your-email\" \/><\/span>\n<\/p>\n<p><span class=\"wpcf7-form-control-wrap\" data-name=\"gift-name\"><input size=\"40\" maxlength=\"400\" class=\"wpcf7-form-control wpcf7-text wpcf7-validates-as-required\" aria-required=\"true\" aria-invalid=\"false\" placeholder=\"Nimi (lahjakortissa mainittu saaja)*\" value=\"\" type=\"text\" name=\"gift-name\" \/><\/span><br \/>\n<span class=\"wpcf7-form-control-wrap\" data-name=\"amount-number\"><input size=\"40\" maxlength=\"400\" class=\"wpcf7-form-control wpcf7-text wpcf7-validates-as-required\" aria-required=\"true\" aria-invalid=\"false\" placeholder=\"Lahjakortin hinta (20\u20ac - 2000\u20ac)*\" value=\"\" type=\"text\" name=\"amount-number\" \/><\/span><br \/>\n<span class=\"wpcf7-form-control-wrap\" data-name=\"comment-field\"><textarea cols=\"40\" rows=\"10\" maxlength=\"2000\" class=\"wpcf7-form-control wpcf7-textarea\" aria-invalid=\"false\" placeholder=\"Huomautuksia\" name=\"comment-field\"><\/textarea><\/span><br \/>\n[recaptcha]<br \/>\n<input class=\"wpcf7-form-control wpcf7-submit has-spinner\" type=\"submit\" value=\"L\u00e4het\u00e4\" \/>\n<\/p><p style=\"display: none !important;\" class=\"akismet-fields-container\" data-prefix=\"_wpcf7_ak_\"><label>&#916;<textarea name=\"_wpcf7_ak_hp_textarea\" cols=\"45\" rows=\"8\" maxlength=\"100\"><\/textarea><\/label><input type=\"hidden\" id=\"ak_js_1\" name=\"_wpcf7_ak_js\" value=\"168\"\/><script>document.getElementById( \"ak_js_1\" ).setAttribute( \"value\", ( new Date() ).getTime() );<\/script><\/p><input type='hidden' class='wpcf7-pum' value='{\"closepopup\":false,\"closedelay\":0,\"openpopup\":false,\"openpopup_id\":0}' \/><div class=\"wpcf7-response-output\" aria-hidden=\"true\"><\/div>\n<\/form>\n<\/div>\n\n<h5><strong>N\u00e4in hankit lahjakortin<\/strong><\/h5>\n<ul>\n<li>Lahjakortteja voi ostaa Lux-Medicus -kauneusklinikasta Pikk 9, Tallinna tai alla olevalla lomakkeella ja k\u00e4ytt\u00e4\u00e4 klinikan palvelujen ostoon.<\/li>\n<li>Lahjakortin hinta on 20\u20ac &#8211; 2000\u20ac.<\/li>\n<li>Lahjakortin ostajan maksama rahasumma vastaa valitsemansa lahjakortin arvoa ja kyseinen summa hyvitet\u00e4\u00e4n lahjakortin saajan Lux-Medicus kauneusklinikasta ostamien palvelujen hinnasta.<\/li>\n<li>Ellei lahjakortin saaja k\u00e4ytt\u00e4nyt Lux-Medicus -lahjakorttia klinikassa lahjakortin voimassaoloaikana, niin lahjakortin hintaa ei palauteta. Lahjakortin voimassaoloaika on mainittu lahjakortissa.<\/li>\n<li>Lahjakortin saaja ei voi vaihtaa sit\u00e4 rahaksi.<\/li>\n<li>Kadotettua lahjakorttia ei korvata.<\/li>\n<li>Lahjakortin saaja voi k\u00e4ytt\u00e4\u00e4 lahjakorttia sek\u00e4 kertahoidon ett\u00e4 hoitokurssin ostoon.<\/li>\n<li>K\u00e4ytetty lahjakortti palautetaan klinikan vastaanottoty\u00f6ntekij\u00e4lle.<\/li>\n<li>Mik\u00e4li lahjakortin saaja valitsee palvelun, jonka hinta on lahjakortin arvoa pienempi, erotusta ei palauteta.<\/li>\n<li>Mik\u00e4li lahjakortin saaja valitsee palvelun, jonka hinta on lahjakortin arvoa korkeampi, lahjakortin saaja maksaa erotuksen palvelun hinnan ja lahjakortin arvon v\u00e4liss\u00e4 paikan p\u00e4\u00e4ll\u00e4.<\/li>\n<li>Lahjakortit toimitetaan ilmaiseksi mihin tahansa Virossa.<\/li>\n<li>Tilaajan halun mukaan lahjakortit toimitetaan joko postilla tai kuriirilla.<\/li>\n<\/ul>\n<p>Jos haluat yll\u00e4tt\u00e4\u00e4 lahjakortin saajaa iloisesti, me voimme postittaa lahjakortin puolestasi.<\/p>\n","protected":false},"excerpt":{"rendered":"<p>Lux-Medicus \u2013kauneusklinikan lahjakortti<\/p>\n<p>Lux-Medicus \u2013kauneusklinikan lahjakortti on erinomainen lahjaidea mink\u00e4 tahansa juhlan tai merkkip\u00e4iv\u00e4n kunniaksi. Voit itse valita klinikkamme lahjakortin arvon sek\u00e4 toimitus- ja maksutavan.<\/p>\n<p>Tilaa lahjakortti alla olevalla k\u00e4tev\u00e4ll\u00e4 lomakkeella tai tervetuloa klinikkaamme Pikk 9, Tallinna, josta hankit lahjakortin paikan p\u00e4\u00e4ll\u00e4.<\/p>\n<p>N\u00e4in hankit lahjakortin<\/p>\n<ul>\n<li>Lahjakortteja voi ostaa Lux-Medicus -kauneusklinikasta Pikk 9, Tallinna tai alla olevalla lomakkeella ja k\u00e4ytt\u00e4\u00e4 klinikan palvelujen ostoon.<\/li>\n<li>Lahjakortin hinta on 20\u20ac &#8211; 2000\u20ac.<\/li>\n<\/ul>\n","protected":false},"author":6,"featured_media":0,"parent":0,"menu_order":0,"comment_status":"closed","ping_status":"closed","template":"page.php","meta":{"_acf_changed":false,"inline_featured_image":false,"footnotes":""},"class_list":["post-1848","page","type-page","status-publish","hentry"],"acf":[],"_links":{"self":[{"href":"https:\/\/lux-medicus.ee\/fi\/wp-json\/wp\/v2\/pages\/1848","targetHints":{"allow":["GET"]}}],"collection":[{"href":"https:\/\/lux-medicus.ee\/fi\/wp-json\/wp\/v2\/pages"}],"about":[{"href":"https:\/\/lux-medicus.ee\/fi\/wp-json\/wp\/v2\/types\/page"}],"author":[{"embeddable":true,"href":"https:\/\/lux-medicus.ee\/fi\/wp-json\/wp\/v2\/users\/6"}],"replies":[{"embeddable":true,"href":"https:\/\/lux-medicus.ee\/fi\/wp-json\/wp\/v2\/comments?post=1848"}],"version-history":[{"count":0,"href":"https:\/\/lux-medicus.ee\/fi\/wp-json\/wp\/v2\/pages\/1848\/revisions"}],"wp:attachment":[{"href":"https:\/\/lux-medicus.ee\/fi\/wp-json\/wp\/v2\/media?parent=1848"}],"curies":[{"name":"wp","href":"https:\/\/api.w.org\/{rel}","templated":true}]}}