{"id":1087,"date":"2016-08-16T22:16:40","date_gmt":"2016-08-16T22:16:40","guid":{"rendered":"http:\/\/lux-medicus.ee\/?page_id=1087&#038;lang=fi"},"modified":"2018-10-12T10:30:25","modified_gmt":"2018-10-12T10:30:25","slug":"varaa-aika","status":"publish","type":"page","link":"https:\/\/lux-medicus.ee\/fi\/varaa-aika\/","title":{"rendered":"Varaa Aika"},"content":{"rendered":"<p>VARAA AIKA ja me otamme sinuun yhteytt\u00e4 pikimmiten:<\/p>\n<div id=\"contact-form-wrapper\">\n<div class=\"wpcf7 no-js\" id=\"wpcf7-f1088-o1\" lang=\"et\" dir=\"ltr\" data-wpcf7-id=\"1088\">\n<div class=\"screen-reader-response\"><p role=\"status\" aria-live=\"polite\" aria-atomic=\"true\"><\/p> <ul><\/ul><\/div>\n<form action=\"\/fi\/wp-json\/wp\/v2\/pages\/1087#wpcf7-f1088-o1\" method=\"post\" class=\"wpcf7-form init\" aria-label=\"Contact form\" novalidate=\"novalidate\" data-status=\"init\">\n<fieldset class=\"hidden-fields-container\"><input type=\"hidden\" name=\"_wpcf7\" value=\"1088\" \/><input type=\"hidden\" name=\"_wpcf7_version\" value=\"6.1.5\" \/><input type=\"hidden\" name=\"_wpcf7_locale\" value=\"et\" \/><input type=\"hidden\" name=\"_wpcf7_unit_tag\" value=\"wpcf7-f1088-o1\" \/><input type=\"hidden\" name=\"_wpcf7_container_post\" value=\"0\" \/><input type=\"hidden\" name=\"_wpcf7_posted_data_hash\" value=\"\" \/>\n<\/fieldset>\n<div class=\"free-form\">\n\t<div class=\"free-form-left\">\n\t\t<p><span class=\"wpcf7-form-control-wrap\" data-name=\"your-name\"><input size=\"40\" maxlength=\"400\" class=\"wpcf7-form-control wpcf7-text wpcf7-validates-as-required\" aria-required=\"true\" aria-invalid=\"false\" placeholder=\"Nimi*\" value=\"\" type=\"text\" name=\"your-name\" \/><\/span><br \/>\n<span class=\"wpcf7-form-control-wrap\" data-name=\"your-email\"><input size=\"40\" maxlength=\"400\" class=\"wpcf7-form-control wpcf7-email wpcf7-validates-as-required wpcf7-text wpcf7-validates-as-email\" aria-required=\"true\" aria-invalid=\"false\" placeholder=\"Email*\" value=\"\" type=\"email\" name=\"your-email\" \/><\/span><br \/>\n<span class=\"wpcf7-form-control-wrap\" data-name=\"your-number\"><input size=\"40\" maxlength=\"400\" class=\"wpcf7-form-control wpcf7-text wpcf7-validates-as-required\" aria-required=\"true\" aria-invalid=\"false\" placeholder=\"Puhelin*\" value=\"\" type=\"text\" name=\"your-number\" \/><\/span><br \/>\n<span class=\"wpcf7-form-control-wrap\" data-name=\"the-location\"><select class=\"wpcf7-form-control wpcf7-select\" aria-invalid=\"false\" name=\"the-location\"><option value=\"\">Mustam\u00e4e: Sipelga 2 - Kauneuspalvelut<\/option><option value=\"Keskusta: J\u00f5e 2b - Kauneuspalvelut, kauneusinjektiot, neurologia\">Keskusta: J\u00f5e 2b - Kauneuspalvelut, kauneusinjektiot, neurologia<\/option><option value=\"Lasnam\u00e4e: Linnam\u00e4e tee 3 - Kauneuspalvelut, kauneusinjektiot, neurologia\">Lasnam\u00e4e: Linnam\u00e4e tee 3 - Kauneuspalvelut, kauneusinjektiot, neurologia<\/option><option value=\"Helsinki: Fredrikinkatu 64 - Kauneuspalvelut, kauneusinjektiot\">Helsinki: Fredrikinkatu 64 - Kauneuspalvelut, kauneusinjektiot<\/option><option value=\"Vantaa: Vernissakatu 6\">Vantaa: Vernissakatu 6<\/option><\/select><\/span><br \/>\n<span class=\"wpcf7-form-control-wrap\" data-name=\"your-service\"><select class=\"wpcf7-form-control wpcf7-select\" aria-invalid=\"false\" name=\"your-service\"><option value=\"\">Valitse palvelu<\/option><option value=\"Ilmainen konsultointitilaisuus\">Ilmainen konsultointitilaisuus<\/option><option value=\"Kauneuspistokset: Lasnam\u00e4e, Kesklinn, Helsinki\">Kauneuspistokset: Lasnam\u00e4e, Kesklinn, Helsinki<\/option><option value=\"Mezoniti: Lasnam\u00e4e, Kesklinn, Helsinki\">Mezoniti: Lasnam\u00e4e, Kesklinn, Helsinki<\/option><option value=\"Lasertoimenpiteit\u00e4\">Lasertoimenpiteit\u00e4<\/option><option value=\"Esteettinen kirurgia: Lasnam\u00e4e, Kesklinn, Helsinki\">Esteettinen kirurgia: Lasnam\u00e4e, Kesklinn, Helsinki<\/option><option value=\"Kasvotoimenpiteet\">Kasvotoimenpiteet<\/option><option value=\"Vartalotoimenpiteet\">Vartalotoimenpiteet<\/option><option value=\"Tricologia\">Tricologia<\/option><option value=\"Kuorinta\">Kuorinta<\/option><option value=\"Laitehoidot\">Laitehoidot<\/option><option value=\"Hampaiden valkaisu: Lasnam\u00e4e, Kesklinn, Helsinki\">Hampaiden valkaisu: Lasnam\u00e4e, Kesklinn, Helsinki<\/option><option value=\"ELOS karvanpoisto\">ELOS karvanpoisto<\/option><option value=\"Muita hoitoja\">Muita hoitoja<\/option><\/select><\/span>\n\t\t<\/p>\n\t<\/div>\n\t<div class=\"free-form-right\">\n\t\t<p><span class=\"wpcf7-form-control-wrap\" data-name=\"StartDate\"><input size=\"40\" maxlength=\"400\" class=\"wpcf7-form-control wpcf7-text bookingdata\" aria-invalid=\"false\" value=\"\" type=\"text\" name=\"StartDate\" \/><\/span><br \/>\n<input class=\"wpcf7-form-control wpcf7-submit has-spinner\" type=\"submit\" value=\"L\u00e4hett\u00e4\u00e4\" \/>\n\t\t<\/p>\n\t<\/div>\n<\/div><p style=\"display: none !important;\" class=\"akismet-fields-container\" data-prefix=\"_wpcf7_ak_\"><label>&#916;<textarea name=\"_wpcf7_ak_hp_textarea\" cols=\"45\" rows=\"8\" maxlength=\"100\"><\/textarea><\/label><input type=\"hidden\" id=\"ak_js_1\" name=\"_wpcf7_ak_js\" value=\"215\"\/><script>document.getElementById( \"ak_js_1\" ).setAttribute( \"value\", ( new Date() ).getTime() );<\/script><\/p><input type='hidden' class='wpcf7-pum' value='{\"closepopup\":false,\"closedelay\":0,\"openpopup\":false,\"openpopup_id\":0}' \/><div class=\"wpcf7-response-output\" aria-hidden=\"true\"><\/div>\n<\/form>\n<\/div>\n<\/div>\n","protected":false},"excerpt":{"rendered":"<p>VARAA AIKA ja me otamme sinuun yhteytt\u00e4 pikimmiten:<\/p>\n","protected":false},"author":6,"featured_media":0,"parent":0,"menu_order":0,"comment_status":"closed","ping_status":"closed","template":"","meta":{"_acf_changed":false,"inline_featured_image":false,"footnotes":""},"class_list":["post-1087","page","type-page","status-publish","hentry"],"acf":[],"_links":{"self":[{"href":"https:\/\/lux-medicus.ee\/fi\/wp-json\/wp\/v2\/pages\/1087","targetHints":{"allow":["GET"]}}],"collection":[{"href":"https:\/\/lux-medicus.ee\/fi\/wp-json\/wp\/v2\/pages"}],"about":[{"href":"https:\/\/lux-medicus.ee\/fi\/wp-json\/wp\/v2\/types\/page"}],"author":[{"embeddable":true,"href":"https:\/\/lux-medicus.ee\/fi\/wp-json\/wp\/v2\/users\/6"}],"replies":[{"embeddable":true,"href":"https:\/\/lux-medicus.ee\/fi\/wp-json\/wp\/v2\/comments?post=1087"}],"version-history":[{"count":0,"href":"https:\/\/lux-medicus.ee\/fi\/wp-json\/wp\/v2\/pages\/1087\/revisions"}],"wp:attachment":[{"href":"https:\/\/lux-medicus.ee\/fi\/wp-json\/wp\/v2\/media?parent=1087"}],"curies":[{"name":"wp","href":"https:\/\/api.w.org\/{rel}","templated":true}]}}