{"id":6188,"date":"2018-03-31T21:43:38","date_gmt":"2018-03-31T21:43:38","guid":{"rendered":"http:\/\/lux-medicus.ee\/et\/?post_type=product&#038;p=6188"},"modified":"2020-01-10T18:38:17","modified_gmt":"2020-01-10T18:38:17","slug":"sugaring-kaed-kuunarnukkideni","status":"publish","type":"product","link":"https:\/\/lux-medicus.ee\/et\/toode\/sugaring-kaed-kuunarnukkideni\/","title":{"rendered":"Sugaring &#8211; K\u00e4ed k\u00fc\u00fcnarnukkideni"},"content":{"rendered":"","protected":false},"excerpt":{"rendered":"","protected":false},"featured_media":0,"comment_status":"open","ping_status":"closed","template":"","meta":{"_acf_changed":false,"inline_featured_image":false},"product_brand":[],"product_cat":[101],"product_tag":[],"class_list":{"0":"post-6188","1":"product","2":"type-product","3":"status-publish","5":"product_cat-esteetiline-meditsiin","7":"first","8":"instock","9":"shipping-taxable","10":"purchasable","11":"product-type-simple"},"acf":[],"_links":{"self":[{"href":"https:\/\/lux-medicus.ee\/et\/wp-json\/wp\/v2\/product\/6188","targetHints":{"allow":["GET"]}}],"collection":[{"href":"https:\/\/lux-medicus.ee\/et\/wp-json\/wp\/v2\/product"}],"about":[{"href":"https:\/\/lux-medicus.ee\/et\/wp-json\/wp\/v2\/types\/product"}],"replies":[{"embeddable":true,"href":"https:\/\/lux-medicus.ee\/et\/wp-json\/wp\/v2\/comments?post=6188"}],"wp:attachment":[{"href":"https:\/\/lux-medicus.ee\/et\/wp-json\/wp\/v2\/media?parent=6188"}],"wp:term":[{"taxonomy":"product_brand","embeddable":true,"href":"https:\/\/lux-medicus.ee\/et\/wp-json\/wp\/v2\/product_brand?post=6188"},{"taxonomy":"product_cat","embeddable":true,"href":"https:\/\/lux-medicus.ee\/et\/wp-json\/wp\/v2\/product_cat?post=6188"},{"taxonomy":"product_tag","embeddable":true,"href":"https:\/\/lux-medicus.ee\/et\/wp-json\/wp\/v2\/product_tag?post=6188"}],"curies":[{"name":"wp","href":"https:\/\/api.w.org\/{rel}","templated":true}]}}