{"id":895,"date":"2016-08-13T00:14:58","date_gmt":"2016-08-13T00:14:58","guid":{"rendered":"http:\/\/lux-medicus.ee\/?page_id=895"},"modified":"2024-12-10T20:54:40","modified_gmt":"2024-12-10T17:54:40","slug":"kinkekaart","status":"publish","type":"page","link":"https:\/\/lux-medicus.ee\/et\/kinkekaart\/","title":{"rendered":"Kinkekaart"},"content":{"rendered":"<p><a href=\"https:\/\/lux-medicus.ee\/wp-content\/uploads\/2020\/01\/1_\u044d\u0441\u0442.jpg\"><img fetchpriority=\"high\" decoding=\"async\" class=\"post-image-full-width alignnone wp-image-9758 size-full\" src=\"https:\/\/lux-medicus.ee\/wp-content\/uploads\/2020\/01\/1_\u044d\u0441\u0442.jpg\" alt=\"\" width=\"1780\" height=\"670\" srcset=\"https:\/\/lux-medicus.ee\/wp-content\/uploads\/2020\/01\/1_\u044d\u0441\u0442.jpg 1780w, https:\/\/lux-medicus.ee\/wp-content\/uploads\/2020\/01\/1_\u044d\u0441\u0442-600x226.jpg 600w, https:\/\/lux-medicus.ee\/wp-content\/uploads\/2020\/01\/1_\u044d\u0441\u0442-300x113.jpg 300w, https:\/\/lux-medicus.ee\/wp-content\/uploads\/2020\/01\/1_\u044d\u0441\u0442-1024x385.jpg 1024w, https:\/\/lux-medicus.ee\/wp-content\/uploads\/2020\/01\/1_\u044d\u0441\u0442-768x289.jpg 768w, https:\/\/lux-medicus.ee\/wp-content\/uploads\/2020\/01\/1_\u044d\u0441\u0442-1536x578.jpg 1536w\" sizes=\"(max-width: 1780px) 100vw, 1780px\" \/><\/a><\/p>\n<p><span style=\"color: #33cccc;\"><strong>Kingisertifikaadid Lux- Medicuse ilukliinikus<\/strong><\/span><\/p>\n<p><span style=\"color: #33cccc;\">Lux- Medicus<\/span> kliiniku kingisertifikaat- see on suurep\u00e4rane v\u00f5imalus mis tahes r\u00f5\u00f5msa s\u00fcndmuse puhul teha kink endale v\u00f5i l\u00e4hedase, kallile inimesele.<\/p>\n<p><span style=\"color: #33cccc;\">Ideaalne lahendus<\/span> kuna- meie kliiniku kinkekaardi v\u00e4\u00e4rtuse, summa, maksmis v\u00f5imaluse ja kohaletoimetamise mooduse te saate valida ise.<\/p>\n<p>Kingisertifikaadi<span style=\"color: #33cccc;\"> tellimiseks<\/span> kasutage allolevat mugavat vormi v\u00f5i ootame teid kliinikus, kus te saate kohapeal soetada kingisertifikaadi.<\/p>\n<p>Lux- Medicuse <span style=\"color: #33cccc;\">kinkekaart<\/span>&#8211; see on hooldus ilu ja tervise eest !<br \/>\n<strong><span style=\"color: #33cccc;\">Kinkige endale ja teie kallimatele hea tuju!<\/span><\/strong><\/p>\n\n<div class=\"wpcf7 no-js\" id=\"wpcf7-f1736-o1\" lang=\"et\" dir=\"ltr\" data-wpcf7-id=\"1736\">\n<div class=\"screen-reader-response\"><p role=\"status\" aria-live=\"polite\" aria-atomic=\"true\"><\/p> <ul><\/ul><\/div>\n<form action=\"\/et\/wp-json\/wp\/v2\/pages\/895#wpcf7-f1736-o1\" method=\"post\" class=\"wpcf7-form init\" aria-label=\"Contact form\" novalidate=\"novalidate\" data-status=\"init\">\n<fieldset class=\"hidden-fields-container\"><input type=\"hidden\" name=\"_wpcf7\" value=\"1736\" \/><input type=\"hidden\" name=\"_wpcf7_version\" value=\"6.1.5\" \/><input type=\"hidden\" name=\"_wpcf7_locale\" value=\"et\" \/><input type=\"hidden\" name=\"_wpcf7_unit_tag\" value=\"wpcf7-f1736-o1\" \/><input type=\"hidden\" name=\"_wpcf7_container_post\" value=\"0\" \/><input type=\"hidden\" name=\"_wpcf7_posted_data_hash\" value=\"\" \/>\n<\/fieldset>\n<p><span class=\"wpcf7-form-control-wrap\" data-name=\"your-name\"><input size=\"40\" maxlength=\"400\" class=\"wpcf7-form-control wpcf7-text wpcf7-validates-as-required\" aria-required=\"true\" aria-invalid=\"false\" placeholder=\"Nimi (Kaardi ostja)*\" value=\"\" type=\"text\" name=\"your-name\" \/><\/span><br \/>\n<span class=\"wpcf7-form-control-wrap\" data-name=\"your-number\"><input size=\"40\" maxlength=\"400\" class=\"wpcf7-form-control wpcf7-text wpcf7-validates-as-required\" aria-required=\"true\" aria-invalid=\"false\" placeholder=\"Telefon (Kaardi ostja)*\" value=\"\" type=\"text\" name=\"your-number\" \/><\/span><br \/>\n<span class=\"wpcf7-form-control-wrap\" data-name=\"your-email\"><input size=\"40\" maxlength=\"400\" class=\"wpcf7-form-control wpcf7-email wpcf7-validates-as-required wpcf7-text wpcf7-validates-as-email\" aria-required=\"true\" aria-invalid=\"false\" placeholder=\"E-posti aadress (Kaardi ostja)*\" value=\"\" type=\"email\" name=\"your-email\" \/><\/span>\n<\/p>\n<p><span class=\"wpcf7-form-control-wrap\" data-name=\"gift-name\"><input size=\"40\" maxlength=\"400\" class=\"wpcf7-form-control wpcf7-text wpcf7-validates-as-required\" aria-required=\"true\" aria-invalid=\"false\" placeholder=\"Ees- ja perekonnanimi (Kaardile m\u00e4rgitav)*\" value=\"\" type=\"text\" name=\"gift-name\" \/><\/span><br \/>\n<span class=\"wpcf7-form-control-wrap\" data-name=\"amount-number\"><input size=\"40\" maxlength=\"400\" class=\"wpcf7-form-control wpcf7-text wpcf7-validates-as-required\" aria-required=\"true\" aria-invalid=\"false\" placeholder=\"Kinkekaardi summa (20\u20ac kuni 2000\u20ac)*\" value=\"\" type=\"text\" name=\"amount-number\" \/><\/span><br \/>\n<span class=\"wpcf7-form-control-wrap\" data-name=\"comment-field\"><textarea cols=\"40\" rows=\"10\" maxlength=\"2000\" class=\"wpcf7-form-control wpcf7-textarea\" aria-invalid=\"false\" placeholder=\"Lisakommentaarid\" name=\"comment-field\"><\/textarea><\/span><br \/>\n[recaptcha]<br \/>\n<input class=\"wpcf7-form-control wpcf7-submit has-spinner\" type=\"submit\" value=\"Saada\" \/>\n<\/p><p style=\"display: none !important;\" class=\"akismet-fields-container\" data-prefix=\"_wpcf7_ak_\"><label>&#916;<textarea name=\"_wpcf7_ak_hp_textarea\" cols=\"45\" rows=\"8\" maxlength=\"100\"><\/textarea><\/label><input type=\"hidden\" id=\"ak_js_1\" name=\"_wpcf7_ak_js\" value=\"141\"\/><script>document.getElementById( \"ak_js_1\" ).setAttribute( \"value\", ( new Date() ).getTime() );<\/script><\/p><input type='hidden' class='wpcf7-pum' value='{\"closepopup\":false,\"closedelay\":0,\"openpopup\":false,\"openpopup_id\":0}' \/><div class=\"wpcf7-response-output\" aria-hidden=\"true\"><\/div>\n<\/form>\n<\/div>\n\n<h5><a href=\"https:\/\/lux-medicus.ee\/wp-content\/uploads\/2020\/01\/2_\u044d\u0441\u0442.jpg\"><img decoding=\"async\" class=\"post-image-full-width alignnone wp-image-9754 size-full\" src=\"https:\/\/lux-medicus.ee\/wp-content\/uploads\/2020\/01\/2_\u044d\u0441\u0442.jpg\" alt=\"\" width=\"1780\" height=\"670\" srcset=\"https:\/\/lux-medicus.ee\/wp-content\/uploads\/2020\/01\/2_\u044d\u0441\u0442.jpg 1780w, https:\/\/lux-medicus.ee\/wp-content\/uploads\/2020\/01\/2_\u044d\u0441\u0442-600x226.jpg 600w, https:\/\/lux-medicus.ee\/wp-content\/uploads\/2020\/01\/2_\u044d\u0441\u0442-300x113.jpg 300w, https:\/\/lux-medicus.ee\/wp-content\/uploads\/2020\/01\/2_\u044d\u0441\u0442-1024x385.jpg 1024w, https:\/\/lux-medicus.ee\/wp-content\/uploads\/2020\/01\/2_\u044d\u0441\u0442-768x289.jpg 768w, https:\/\/lux-medicus.ee\/wp-content\/uploads\/2020\/01\/2_\u044d\u0441\u0442-1536x578.jpg 1536w\" sizes=\"(max-width: 1780px) 100vw, 1780px\" \/><\/a><\/h5>\n<h5><strong><span style=\"color: #33cccc;\">Kinkekaardi soetamise ja kasutamise reeglid<\/span><\/strong><\/h5>\n<p>&nbsp;<\/p>\n<ul>\n<li>Kinkekaarte saab soetada ja kasutada <span style=\"color: #33cccc;\">Lux-Medicus<\/span>\u00a0<wbr \/>ilukliinikus asukohaga aadressil\u00a0Tallinn,<span style=\"color: #33cccc;\"> Sipelga 2, J\u00f5e 2b, Linnam\u00e4e tee 3<\/span>\u00a0 ning Helsingis\u2014 <span style=\"color: #33cccc;\">Fredrikinkatu 64<\/span>\u00a0 ja Vantaas &#8211; <span style=\"color: #33cccc;\">Vernissakatu 6<\/span>\u00a0v\u00f5i t\u00e4ites sertifikaadi saamiseks allolevat vormi.<\/li>\n<li>Kinkekaardi summa v\u00f5ib olla\u00a0<span style=\"color: #33cccc;\">20\u20ac kuni 3000\u20ac.<\/span><\/li>\n<li>Kaardi soetaja poolt tasutud summa vastab tema valitud kaardi nimiv\u00e4\u00e4rtusele ja on ettemaks, mida loetakse tasuks ostetud teenuste eest, kui kaardi hoidja k\u00fclastab\u00a0<span style=\"color: #33cccc;\">Lux-Medicus<\/span>\u00a0<wbr \/>ilukliinikut.<\/li>\n<li>Kui\u00a0<span style=\"color: #33cccc;\">Lux-Medicus<\/span>\u00a0kliiniku kinkekaardi omanik ei ole seda enne selle kehtivusaja l\u00f5ppemist kasutanud, ei kuulu ettemaks tagastamisele.<\/li>\n<li>Kaardi kasutamise kehtimisaeg on kaardi peal kirjas ostu tegemise ajal.<\/li>\n<li>Kaardi valdaja ei saa seda vahetada sularaha vastu.<\/li>\n<li>Kaardi kaotamise korral seda ei taastata.<\/li>\n<li>Kaardi valdaja v\u00f5ib kinkekaarti kasutada nii \u00fchekordseks visiidiks kui protseduuride kuuri ostuks.<\/li>\n<li>Kasutatud kaart tagastatakse kliiniku administraatorile.<\/li>\n<li>Kui valitud teenuste summa on alla kaardi nimiv\u00e4\u00e4rtuse, ei kuulu hinnavahe raha tagastamisele.<\/li>\n<li>Kui valitud teenuste summa \u00fcletab kaardi nimiv\u00e4\u00e4rtuse, tasutakse teenuste maksumuse ja kaardi nimiv\u00e4\u00e4rtuse vahe kohapeal, vastavalt summale.<\/li>\n<li><span style=\"color: #33cccc;\">Eesti piires<\/span> on kingisertifikaatide kohaletoimetamine tasuta.<\/li>\n<li>Kingisertifikaat \u00a0<span style=\"color: #33cccc;\">toimetatakse<\/span> tellija soovil kohale kas posti v\u00f5i kulleriga.<\/li>\n<li>Kui Te kasutate kinkekaarti kui maksmisviisi,siis lisa soodustused protseduuridele ei kehti..<\/li>\n<li>Kui <span style=\"color: #33cccc;\">soovite kingisaajat<\/span> \u00fcllatada,siis saadame kinkekaardi ise vastavale aadressile.<\/li>\n<\/ul>\n<p>&nbsp;<\/p>\n<p>&nbsp;<\/p>\n","protected":false},"excerpt":{"rendered":"<p><a href=\"https:\/\/lux-medicus.ee\/wp-content\/uploads\/2020\/01\/1_\u044d\u0441\u0442.jpg\"><img fetchpriority=\"high\" fetchpriority=\"high\" decoding=\"async\" class=\"post-image-full-width alignnone wp-image-9758 size-full\" src=\"https:\/\/lux-medicus.ee\/wp-content\/uploads\/2020\/01\/1_\u044d\u0441\u0442.jpg\" alt=\"\" width=\"1780\" height=\"670\" srcset=\"https:\/\/lux-medicus.ee\/wp-content\/uploads\/2020\/01\/1_\u044d\u0441\u0442.jpg 1780w, https:\/\/lux-medicus.ee\/wp-content\/uploads\/2020\/01\/1_\u044d\u0441\u0442-600x226.jpg 600w, https:\/\/lux-medicus.ee\/wp-content\/uploads\/2020\/01\/1_\u044d\u0441\u0442-300x113.jpg 300w, https:\/\/lux-medicus.ee\/wp-content\/uploads\/2020\/01\/1_\u044d\u0441\u0442-1024x385.jpg 1024w, https:\/\/lux-medicus.ee\/wp-content\/uploads\/2020\/01\/1_\u044d\u0441\u0442-768x289.jpg 768w, https:\/\/lux-medicus.ee\/wp-content\/uploads\/2020\/01\/1_\u044d\u0441\u0442-1536x578.jpg 1536w\" sizes=\"(max-width: 1780px) 100vw, 1780px\" \/><\/a><\/p>\n<p>Kingisertifikaadid Lux- Medicuse ilukliinikus<\/p>\n<p>Lux- Medicus kliiniku kingisertifikaat- see on suurep\u00e4rane v\u00f5imalus mis tahes r\u00f5\u00f5msa s\u00fcndmuse puhul teha kink endale v\u00f5i l\u00e4hedase, kallile inimesele.<\/p>\n<p>Ideaalne lahendus kuna- meie kliiniku kinkekaardi v\u00e4\u00e4rtuse, summa, maksmis v\u00f5imaluse ja kohaletoimetamise mooduse te saate valida ise.<\/p>\n<p>Kingisertifikaadi tellimiseks kasutage allolevat mugavat vormi v\u00f5i ootame teid kliinikus, kus te saate kohapeal soetada kingisertifikaadi.<\/p>\n<p>Lux- Medicuse kinkekaart&#8211; see on hooldus ilu ja tervise eest !<\/p>\n","protected":false},"author":6,"featured_media":0,"parent":0,"menu_order":0,"comment_status":"closed","ping_status":"closed","template":"page.php","meta":{"_acf_changed":false,"inline_featured_image":false,"footnotes":""},"class_list":["post-895","page","type-page","status-publish","hentry"],"acf":[],"_links":{"self":[{"href":"https:\/\/lux-medicus.ee\/et\/wp-json\/wp\/v2\/pages\/895","targetHints":{"allow":["GET"]}}],"collection":[{"href":"https:\/\/lux-medicus.ee\/et\/wp-json\/wp\/v2\/pages"}],"about":[{"href":"https:\/\/lux-medicus.ee\/et\/wp-json\/wp\/v2\/types\/page"}],"author":[{"embeddable":true,"href":"https:\/\/lux-medicus.ee\/et\/wp-json\/wp\/v2\/users\/6"}],"replies":[{"embeddable":true,"href":"https:\/\/lux-medicus.ee\/et\/wp-json\/wp\/v2\/comments?post=895"}],"version-history":[{"count":1,"href":"https:\/\/lux-medicus.ee\/et\/wp-json\/wp\/v2\/pages\/895\/revisions"}],"predecessor-version":[{"id":16542,"href":"https:\/\/lux-medicus.ee\/et\/wp-json\/wp\/v2\/pages\/895\/revisions\/16542"}],"wp:attachment":[{"href":"https:\/\/lux-medicus.ee\/et\/wp-json\/wp\/v2\/media?parent=895"}],"curies":[{"name":"wp","href":"https:\/\/api.w.org\/{rel}","templated":true}]}}