{"id":5520,"date":"2017-09-24T20:47:39","date_gmt":"2017-09-24T20:47:39","guid":{"rendered":"http:\/\/lux-medicus.ee\/et\/?page_id=5520"},"modified":"2017-09-27T07:59:23","modified_gmt":"2017-09-27T07:59:23","slug":"mesoniidid-kampaania","status":"publish","type":"page","link":"https:\/\/lux-medicus.ee\/et\/mesoniidid-kampaania\/","title":{"rendered":"Mesoniidid"},"content":{"rendered":"<p><img decoding=\"async\" class=\"news-image-full-width alignnone wp-image-5428 size-full\" src=\"http:\/\/lux-medicus.ee\/wp-content\/uploads\/2017\/09\/slide23-est-1.png\" \/><br \/>\n<center><\/p>\n<ul>\n<li><strong>Pingulda n\u00e4oovaali<\/strong><\/li>\n<li><strong>Paranda kehakontuure<\/strong><\/li>\n<li><strong>Saavuta m\u00e4rkimisv\u00e4\u00e4rne noorendusefekt<\/strong><\/li>\n<\/ul>\n<p>&nbsp;<\/p>\n<p>Antud pakkumine kehtib j\u00e4rgmistele mesoniitidele:<\/p>\n<ul>\n<li><strong>Mono Lifting niit<\/strong> <s>\u20ac23<\/s> <span style=\"color: red; font-weight:bold;\">\u20ac17<\/span><\/li>\n<li><strong>Tornado Screw Lifting<\/strong> <s>\u20ac27<\/s> <span style=\"color:red; font-weight:bold;\">\u20ac17<\/span><\/li>\n<li><strong>S\u00e4lkudega niidid Double Cog<\/strong> <s>\u20ac27<\/s> <span style=\"color:red; font-weight:bold;\">\u20ac17<\/span><\/li>\n<\/ul>\n<p>&nbsp;<\/p>\n<p>See pakkumine kehtib kuni <strong>30.10.17<\/strong><\/p>\n<p>Soodustuse saamiseks ning vastuv\u00f5tule registreerimiseks palume t\u00e4ita kontaktivorm v\u00f5i hilstada:<\/p>\n<p>Kesklinn: <img decoding=\"async\" class=\"alignnone size-full wp-image-2509\" src=\"http:\/\/lux-medicus.ee\/wp-content\/uploads\/2016\/06\/phone-icon-black-small.png\" alt=\"phone-icon-black-small\" width=\"14\" height=\"15\" \/> <strong>(+372) 6 700 888<\/strong><\/p>\n<p>Lasnam\u00e4e: <img decoding=\"async\" class=\"alignnone size-full wp-image-2509\" src=\"http:\/\/lux-medicus.ee\/wp-content\/uploads\/2016\/06\/phone-icon-black-small.png\" alt=\"phone-icon-black-small\" width=\"14\" height=\"15\" \/> <strong>(+372) 6 797 797<\/strong><\/p>\n<p><a href=\"http:\/\/www.bigbank.ee\"><img decoding=\"async\" src=\"http:\/\/lux-medicus.ee\/wp-content\/uploads\/2017\/09\/bigbank-logo.png\" id=\"medicredit-logo\"><\/a><a href=\"http:\/\/www.liisi.ee\"><img decoding=\"async\" src=\"https:\/\/mesoniidid.ee\/wp-content\/themes\/mesoniidid\/images\/liisi-2.png\" id=\"liisi-logo\"><\/a><\/p>\n<p>&nbsp;<\/p>\n<p>Mesoniitidest saab rohkem lugeda <a href=\"http:\/\/lux-medicus.ee\/et\/mesoniidid\/\">teenuse lehelt<\/a> v\u00f5i lehek\u00fcljel: <a href=\"http:\/\/mesoniidid.ee\" rel=\"noopener\" target=\"_blank\">http:\/\/mesoniidid.ee<\/a><\/p>\n<p><\/center><\/p>\n","protected":false},"excerpt":{"rendered":"<p><img decoding=\"async\" class=\"news-image-full-width alignnone wp-image-5428 size-full\" src=\"http:\/\/lux-medicus.ee\/wp-content\/uploads\/2017\/09\/slide23-est-1.png\" \/>\n<\/p>\n<ul>\n<li>Pingulda n\u00e4oovaali<\/li>\n<li>Paranda kehakontuure<\/li>\n<li>Saavuta m\u00e4rkimisv\u00e4\u00e4rne noorendusefekt<\/li>\n<\/ul>\n<p>&nbsp;<\/p>\n<p>Antud pakkumine kehtib j\u00e4rgmistele mesoniitidele:<\/p>\n<ul>\n<li>Mono Lifting niit \u20ac23 \u20ac17<\/li>\n<li>Tornado Screw Lifting \u20ac27 \u20ac17<\/li>\n<li>S\u00e4lkudega niidid Double Cog \u20ac27 \u20ac17<\/li>\n<\/ul>\n<p>&nbsp;<\/p>\n<p>See pakkumine kehtib kuni 30.10.17<\/p>\n<p>Soodustuse saamiseks ning vastuv\u00f5tule registreerimiseks palume t\u00e4ita kontaktivorm v\u00f5i hilstada:<\/p>\n<p>Kesklinn: <img decoding=\"async\" class=\"alignnone size-full wp-image-2509\" src=\"http:\/\/lux-medicus.ee\/wp-content\/uploads\/2016\/06\/phone-icon-black-small.png\" alt=\"phone-icon-black-small\" width=\"14\" height=\"15\" \/> (+372) 6 700 888<\/p>\n<p>Lasnam\u00e4e: <img decoding=\"async\" class=\"alignnone size-full wp-image-2509\" src=\"http:\/\/lux-medicus.ee\/wp-content\/uploads\/2016\/06\/phone-icon-black-small.png\" alt=\"phone-icon-black-small\" width=\"14\" height=\"15\" \/> (+372) 6 797 797<\/p>\n<p><a href=\"http:\/\/www.bigbank.ee\"><img decoding=\"async\" src=\"http:\/\/lux-medicus.ee\/wp-content\/uploads\/2017\/09\/bigbank-logo.png\" id=\"medicredit-logo\"\/><\/a><a href=\"http:\/\/www.liisi.ee\"><img decoding=\"async\" src=\"https:\/\/mesoniidid.ee\/wp-content\/themes\/mesoniidid\/images\/liisi-2.png\" id=\"liisi-logo\"\/><\/a><\/p>\n<p>&nbsp;<\/p>\n","protected":false},"author":6,"featured_media":0,"parent":0,"menu_order":0,"comment_status":"closed","ping_status":"closed","template":"page-with-contact-v2.php","meta":{"_acf_changed":false,"inline_featured_image":false,"footnotes":""},"class_list":["post-5520","page","type-page","status-publish","hentry"],"acf":[],"_links":{"self":[{"href":"https:\/\/lux-medicus.ee\/et\/wp-json\/wp\/v2\/pages\/5520","targetHints":{"allow":["GET"]}}],"collection":[{"href":"https:\/\/lux-medicus.ee\/et\/wp-json\/wp\/v2\/pages"}],"about":[{"href":"https:\/\/lux-medicus.ee\/et\/wp-json\/wp\/v2\/types\/page"}],"author":[{"embeddable":true,"href":"https:\/\/lux-medicus.ee\/et\/wp-json\/wp\/v2\/users\/6"}],"replies":[{"embeddable":true,"href":"https:\/\/lux-medicus.ee\/et\/wp-json\/wp\/v2\/comments?post=5520"}],"version-history":[{"count":0,"href":"https:\/\/lux-medicus.ee\/et\/wp-json\/wp\/v2\/pages\/5520\/revisions"}],"wp:attachment":[{"href":"https:\/\/lux-medicus.ee\/et\/wp-json\/wp\/v2\/media?parent=5520"}],"curies":[{"name":"wp","href":"https:\/\/api.w.org\/{rel}","templated":true}]}}