{"id":5486,"date":"2017-09-15T12:16:37","date_gmt":"2017-09-15T12:16:37","guid":{"rendered":"http:\/\/lux-medicus.ee\/et\/?page_id=5486"},"modified":"2017-09-15T14:03:52","modified_gmt":"2017-09-15T14:03:52","slug":"saabusid-kauaoodatud-juvederm-paevad","status":"publish","type":"page","link":"https:\/\/lux-medicus.ee\/et\/saabusid-kauaoodatud-juvederm-paevad\/","title":{"rendered":"Saabusid kauaoodatud Juvederm P\u00e4evad!"},"content":{"rendered":"<p><img decoding=\"async\" class=\"floatimage-left\" src=\"http:\/\/lux-medicus.ee\/wp-content\/uploads\/2017\/09\/juvederm-deco.png\" alt=\"\" \/><\/p>\n<div class=\"floatdiv-right\">\n<p>Antud pakkumisega saate soodustust j\u00e4rgmistele protseduuridele:<\/p>\n<ul>\n<li>Huulte suurendamine ja korrigeerimine<\/li>\n<li>Huule\u00fcmbruse peenikeste kortsude silumine<\/li>\n<li>Huulte ebas\u00fcmmeetria parandamine<\/li>\n<li>Suunurkade t\u00f5stmine<\/li>\n<li>Nina- ja suunurkade vaheliste vagude (naerukortsud) t\u00e4itmine<\/li>\n<li>P\u00f5skede suurendamine ja modelleerimine<\/li>\n<li>Nina- ja silma\u00fcmbruse (kotid ja tumedad ringid silmade all) t\u00f6\u00f6tlemine<\/li>\n<li>L\u00f5uajoone joondamine ja modelleerimine<\/li>\n<li>Rinoplastika (nina v\u00e4limuse parandamine)<\/li>\n<li>Kulmudevaheliste kortsude t\u00e4itmine<\/li>\n<li>\u00dcldine n\u00e4o silumine (n\u00e4okontuuride modelleerimine)<\/li>\n<\/ul>\n<p class=\"bigger-text\">JUVEDERM <s style=\"color:#303030\">280<\/s> \u20ac 249<\/p>\n<\/p>\n<p>Antud pakkumine kehtib kuni <strong>30.09 17<\/strong><\/p>\n<p>Soodustuse saamiseks ja vastuv\u00f5tule registreerimiseks palun t\u00e4itke kontaktivorm v\u00f5i helistage telefonil:<\/p>\n<ul>\n<li>Kesklinn: <img decoding=\"async\" class=\"alignnone size-full wp-image-2509\" src=\"http:\/\/lux-medicus.ee\/wp-content\/uploads\/2016\/06\/phone-icon-black-small.png\" alt=\"phone-icon-black-small\" width=\"14\" height=\"15\" \/> <strong>(+372) 6 700 888<\/strong><\/li>\n<li>Lasnam\u00e4e: <img decoding=\"async\" class=\"alignnone size-full wp-image-2509\" src=\"http:\/\/lux-medicus.ee\/wp-content\/uploads\/2016\/06\/phone-icon-black-small.png\" alt=\"phone-icon-black-small\" width=\"14\" height=\"15\" \/> <strong>(+372) 6 797 797<\/strong><\/li>\n<\/ul>\n<\/div>\n<div id=\"clearfix\"><\/div>\n","protected":false},"excerpt":{"rendered":"<p><img decoding=\"async\" class=\"floatimage-left\" src=\"http:\/\/lux-medicus.ee\/wp-content\/uploads\/2017\/09\/juvederm-deco.png\" alt=\"\" \/><\/p>\n<p>Antud pakkumisega saate soodustust j\u00e4rgmistele protseduuridele:<\/p>\n<ul>\n<li>Huulte suurendamine ja korrigeerimine<\/li>\n<li>Huule\u00fcmbruse peenikeste kortsude silumine<\/li>\n<li>Huulte ebas\u00fcmmeetria parandamine<\/li>\n<li>Suunurkade t\u00f5stmine<\/li>\n<li>Nina- ja suunurkade vaheliste vagude (naerukortsud) t\u00e4itmine<\/li>\n<li>P\u00f5skede suurendamine ja modelleerimine<\/li>\n<li>Nina- ja silma\u00fcmbruse (kotid ja tumedad ringid silmade all) t\u00f6\u00f6tlemine<\/li>\n<li>L\u00f5uajoone joondamine ja modelleerimine<\/li>\n<li>Rinoplastika (nina v\u00e4limuse parandamine)<\/li>\n<li>Kulmudevaheliste kortsude t\u00e4itmine<\/li>\n<li>\u00dcldine n\u00e4o silumine (n\u00e4okontuuride modelleerimine)<\/li>\n<\/ul>\n<p class=\"bigger-text\">JUVEDERM 280 \u20ac 249<\/p>\n<p>Antud pakkumine kehtib kuni 30.09 17<\/p>\n<p>Soodustuse saamiseks ja vastuv\u00f5tule registreerimiseks palun t\u00e4itke kontaktivorm v\u00f5i helistage telefonil:<\/p>\n<ul>\n<li>Kesklinn: <img decoding=\"async\" class=\"alignnone size-full wp-image-2509\" src=\"http:\/\/lux-medicus.ee\/wp-content\/uploads\/2016\/06\/phone-icon-black-small.png\" alt=\"phone-icon-black-small\" width=\"14\" height=\"15\" \/> (+372) 6 700 888<\/li>\n<li>Lasnam\u00e4e: <img decoding=\"async\" class=\"alignnone size-full wp-image-2509\" src=\"http:\/\/lux-medicus.ee\/wp-content\/uploads\/2016\/06\/phone-icon-black-small.png\" alt=\"phone-icon-black-small\" width=\"14\" height=\"15\" \/> (+372) 6 797 797<\/li>\n<\/ul>\n","protected":false},"author":6,"featured_media":0,"parent":0,"menu_order":0,"comment_status":"closed","ping_status":"closed","template":"page-with-contact.php","meta":{"_acf_changed":false,"inline_featured_image":false,"footnotes":""},"class_list":["post-5486","page","type-page","status-publish","hentry"],"acf":[],"_links":{"self":[{"href":"https:\/\/lux-medicus.ee\/et\/wp-json\/wp\/v2\/pages\/5486","targetHints":{"allow":["GET"]}}],"collection":[{"href":"https:\/\/lux-medicus.ee\/et\/wp-json\/wp\/v2\/pages"}],"about":[{"href":"https:\/\/lux-medicus.ee\/et\/wp-json\/wp\/v2\/types\/page"}],"author":[{"embeddable":true,"href":"https:\/\/lux-medicus.ee\/et\/wp-json\/wp\/v2\/users\/6"}],"replies":[{"embeddable":true,"href":"https:\/\/lux-medicus.ee\/et\/wp-json\/wp\/v2\/comments?post=5486"}],"version-history":[{"count":0,"href":"https:\/\/lux-medicus.ee\/et\/wp-json\/wp\/v2\/pages\/5486\/revisions"}],"wp:attachment":[{"href":"https:\/\/lux-medicus.ee\/et\/wp-json\/wp\/v2\/media?parent=5486"}],"curies":[{"name":"wp","href":"https:\/\/api.w.org\/{rel}","templated":true}]}}