{"id":15223,"date":"2022-10-04T00:20:25","date_gmt":"2022-10-03T21:20:25","guid":{"rendered":"https:\/\/lux-medicus.ee\/?page_id=15223"},"modified":"2022-10-06T11:57:41","modified_gmt":"2022-10-06T08:57:41","slug":"medicredit","status":"publish","type":"page","link":"https:\/\/lux-medicus.ee\/et\/medicredit\/","title":{"rendered":"J\u00e4relmaks Medicredit"},"content":{"rendered":"<p><a href=\"http:\/\/medicredit.ee\" target=\"_blank\" rel=\"noopener\"><img fetchpriority=\"high\" decoding=\"async\" class=\"aligncenter wp-image-15226 size-full\" src=\"https:\/\/lux-medicus.ee\/wp-content\/uploads\/2022\/10\/medicredit_logo.png\" alt=\"\" width=\"1024\" height=\"258\" srcset=\"https:\/\/lux-medicus.ee\/wp-content\/uploads\/2022\/10\/medicredit_logo.png 1024w, https:\/\/lux-medicus.ee\/wp-content\/uploads\/2022\/10\/medicredit_logo-300x76.png 300w, https:\/\/lux-medicus.ee\/wp-content\/uploads\/2022\/10\/medicredit_logo-768x194.png 768w, https:\/\/lux-medicus.ee\/wp-content\/uploads\/2022\/10\/medicredit_logo-600x151.png 600w\" sizes=\"(max-width: 1024px) 100vw, 1024px\" \/><\/a><\/p>\n<h5><span style=\"color: #33cccc;\">J\u00e4relmaks 0% Medicredit<\/span><\/h5>\n<p>Meie kliinikum Lux-Medicus hoolib oma klientidest! Puudub v\u00f5imalus tasuda oma teenust korraga? Kasuta meie j\u00e4relmaksu v\u00f5imalust Medicredit. Kiire, mugav, turvaline!<\/p>\n<p>&nbsp;<\/p>\n<p>J\u00e4relmaksu eelised:<\/p>\n<ul>\n<li>Intressim\u00e4\u00e4r \u2013\u00a0 <span style=\"color: #33cccc;\">0%<\/span><\/li>\n<li>J\u00e4relmaksu summa \u2014 <span style=\"color: #33cccc;\"> kuni 10000\u20ac<\/span><\/li>\n<li>Esimene sissemakse alates <span style=\"color: #33cccc;\">0% kuni 50%<\/span><\/li>\n<li>Vastus taotluse m\u00f5ne minuti <span style=\"color: #33cccc;\">jooksu<\/span><\/li>\n<li>V\u00e4ike laenu v\u00f5imalus tagatiseta<\/li>\n<li>Laenu ennet\u00e4htaegne tagastamine &#8211; <span style=\"color: #33cccc;\">tasuta<\/span><\/li>\n<\/ul>\n<p>Iga j\u00e4relmaks on finantskohustus. Enne j\u00e4relmaksulepingu s\u00f5lmimist tutvuge vastava teenuse tingimustega ning vajadusel konsulteerige asjatundjaga.<\/p>\n<p>J\u00e4relmaksu saavad taotleda k\u00f5ik 18-70-aastased Eesti Vabariigi kodanikud.<\/p>\n<p>Iga finantsotsusega kaasnevad riskid ja kohustused, mist\u00f5ttu palume laenutoodete tarbimise vajadus hoolikalt l\u00e4bi m\u00f5elda.<\/p>\n<p><a href=\"https:\/\/lux-medicus.ee\/wp-content\/uploads\/2020\/01\/\u0411\u0430\u043d\u043d\u0435\u0440-1.png\"><img decoding=\"async\" class=\"post-image-full-width alignnone wp-image-9423 size-full\" src=\"https:\/\/lux-medicus.ee\/wp-content\/uploads\/2020\/01\/\u0411\u0430\u043d\u043d\u0435\u0440-1.png\" alt=\"\" width=\"1800\" height=\"670\" srcset=\"https:\/\/lux-medicus.ee\/wp-content\/uploads\/2020\/01\/\u0411\u0430\u043d\u043d\u0435\u0440-1.png 1800w, https:\/\/lux-medicus.ee\/wp-content\/uploads\/2020\/01\/\u0411\u0430\u043d\u043d\u0435\u0440-1-600x223.png 600w, https:\/\/lux-medicus.ee\/wp-content\/uploads\/2020\/01\/\u0411\u0430\u043d\u043d\u0435\u0440-1-300x112.png 300w, https:\/\/lux-medicus.ee\/wp-content\/uploads\/2020\/01\/\u0411\u0430\u043d\u043d\u0435\u0440-1-1024x381.png 1024w, https:\/\/lux-medicus.ee\/wp-content\/uploads\/2020\/01\/\u0411\u0430\u043d\u043d\u0435\u0440-1-768x286.png 768w, https:\/\/lux-medicus.ee\/wp-content\/uploads\/2020\/01\/\u0411\u0430\u043d\u043d\u0435\u0440-1-1536x572.png 1536w\" sizes=\"(max-width: 1800px) 100vw, 1800px\" \/><\/a><\/p>\n<p>&nbsp;<\/p>\n","protected":false},"excerpt":{"rendered":"<p><a href=\"http:\/\/medicredit.ee\" target=\"_blank\" rel=\"noopener\"><img fetchpriority=\"high\" fetchpriority=\"high\" decoding=\"async\" class=\"aligncenter wp-image-15226 size-full\" src=\"https:\/\/lux-medicus.ee\/wp-content\/uploads\/2022\/10\/medicredit_logo.png\" alt=\"\" width=\"1024\" height=\"258\" srcset=\"https:\/\/lux-medicus.ee\/wp-content\/uploads\/2022\/10\/medicredit_logo.png 1024w, https:\/\/lux-medicus.ee\/wp-content\/uploads\/2022\/10\/medicredit_logo-300x76.png 300w, https:\/\/lux-medicus.ee\/wp-content\/uploads\/2022\/10\/medicredit_logo-768x194.png 768w, https:\/\/lux-medicus.ee\/wp-content\/uploads\/2022\/10\/medicredit_logo-600x151.png 600w\" sizes=\"(max-width: 1024px) 100vw, 1024px\" \/><\/a><\/p>\n<p>J\u00e4relmaks 0% Medicredit<\/p>\n<p>Meie kliinikum Lux-Medicus hoolib oma klientidest! Puudub v\u00f5imalus tasuda oma teenust korraga? Kasuta meie j\u00e4relmaksu v\u00f5imalust Medicredit. Kiire, mugav, turvaline!<\/p>\n<p>&nbsp;<\/p>\n<p>J\u00e4relmaksu eelised:<\/p>\n<ul>\n<li>Intressim\u00e4\u00e4r \u2013\u00a0 0%<\/li>\n<li>J\u00e4relmaksu summa \u2014  kuni 10000\u20ac<\/li>\n<li>Esimene sissemakse alates 0% kuni 50%<\/li>\n<li>Vastus taotluse m\u00f5ne minuti jooksu<\/li>\n<li>V\u00e4ike laenu v\u00f5imalus tagatiseta<\/li>\n<li>Laenu ennet\u00e4htaegne tagastamine &#8211;<\/li>\n<\/ul>\n","protected":false},"author":6,"featured_media":0,"parent":0,"menu_order":0,"comment_status":"closed","ping_status":"closed","template":"page.php","meta":{"_acf_changed":false,"inline_featured_image":false,"footnotes":""},"class_list":["post-15223","page","type-page","status-publish","hentry"],"acf":[],"_links":{"self":[{"href":"https:\/\/lux-medicus.ee\/et\/wp-json\/wp\/v2\/pages\/15223","targetHints":{"allow":["GET"]}}],"collection":[{"href":"https:\/\/lux-medicus.ee\/et\/wp-json\/wp\/v2\/pages"}],"about":[{"href":"https:\/\/lux-medicus.ee\/et\/wp-json\/wp\/v2\/types\/page"}],"author":[{"embeddable":true,"href":"https:\/\/lux-medicus.ee\/et\/wp-json\/wp\/v2\/users\/6"}],"replies":[{"embeddable":true,"href":"https:\/\/lux-medicus.ee\/et\/wp-json\/wp\/v2\/comments?post=15223"}],"version-history":[{"count":5,"href":"https:\/\/lux-medicus.ee\/et\/wp-json\/wp\/v2\/pages\/15223\/revisions"}],"predecessor-version":[{"id":15285,"href":"https:\/\/lux-medicus.ee\/et\/wp-json\/wp\/v2\/pages\/15223\/revisions\/15285"}],"wp:attachment":[{"href":"https:\/\/lux-medicus.ee\/et\/wp-json\/wp\/v2\/media?parent=15223"}],"curies":[{"name":"wp","href":"https:\/\/api.w.org\/{rel}","templated":true}]}}