{"id":15194,"date":"2022-10-03T23:25:13","date_gmt":"2022-10-03T20:25:13","guid":{"rendered":"https:\/\/lux-medicus.ee\/?page_id=15194"},"modified":"2022-10-06T12:33:00","modified_gmt":"2022-10-06T09:33:00","slug":"esto","status":"publish","type":"page","link":"https:\/\/lux-medicus.ee\/et\/esto\/","title":{"rendered":"J\u00e4relmaks ESTO"},"content":{"rendered":"<p><a href=\"https:\/\/lux-medicus.ee\/wp-content\/uploads\/2022\/10\/esto.jpg\" target=\"_blank\" rel=\"noopener\"><img decoding=\"async\" class=\"wp-image-15289 size-medium aligncenter\" src=\"https:\/\/lux-medicus.ee\/wp-content\/uploads\/2022\/10\/esto-300x103.jpg\" alt=\"\" width=\"300\" height=\"103\" srcset=\"https:\/\/lux-medicus.ee\/wp-content\/uploads\/2022\/10\/esto-300x103.jpg 300w, https:\/\/lux-medicus.ee\/wp-content\/uploads\/2022\/10\/esto.jpg 500w\" sizes=\"(max-width: 300px) 100vw, 300px\" \/><\/a><\/p>\n<h5><span style=\"color: #33cccc;\">J\u00e4relmaks 0% ESTO<\/span><\/h5>\n<p>Lux-Medicus ilukliinik pakub kasuta ostu eest tasumisel just ESTO j\u00e4relmaksu \u2013 k\u00f5ige soodsam, mugavam ja kiirem j\u00e4relmaksulink Eestis! <span style=\"color: #33cccc;\">j\u00e4relmaksulink Eestis!<\/span><\/p>\n<p>ESTO j\u00e4relmaksu puhul on tegemist \u00fclimalt kiire ning mugava makselahendusega, mis aitab koostada sulle sinu poolt valitud perioodi alusel maksegraafiku. Antud makselahendus teeb otsuse reaalajas ning aitab ostu sooritada v\u00e4hem kui <span style=\"color: #33cccc;\">60 sekundiga<\/span>.<\/p>\n<p>&nbsp;<\/p>\n<p>Iga j\u00e4relmaks on finantskohustus. Enne j\u00e4relmaksulepingu s\u00f5lmimist tutvuge vastava teenuse tingimustega ning vajadusel konsulteerige asjatundjaga.<\/p>\n<p>ESTO j\u00e4relmaksu tavatingimused on j\u00e4rgmised::<\/p>\n<ul>\n<li style=\"list-style-type: none;\">\n<ul>\n<li>Aastane intress 11,90% <span style=\"color: #33cccc;\">11,90%<\/span><\/li>\n<li>Lepingutasu <span style=\"color: #33cccc;\">0 eurot<\/span><\/li>\n<li>Periood kuni\u00a0<span style=\"color: #33cccc;\">5 aastat<\/span><\/li>\n<\/ul>\n<\/li>\n<\/ul>\n<p>ESTO j\u00e4relmaksu saavad taotleda k\u00f5ik 18-70-aastased Eesti Vabariigi kodanikud.<\/p>\n<p>Iga finantsotsusega kaasnevad riskid ja kohustused, mist\u00f5ttu palume laenutoodete tarbimise vajadus hoolikalt l\u00e4bi m\u00f5elda.<\/p>\n<p>N\u00e4iteks 1059-eurose laenusumma puhul 24 kuuks fikseeritud intressiga 13.90% aastas ja lepingutasuga 14.90 eurot on krediidi kulukuse m\u00e4\u00e4r 38.14%, kuumakse suurus 60.72 eurot ning tarbija poolt tagasimakstav kogusumma 1458.28 eurot. J\u00e4relmaksu pakub ja haldab ESTO AS.<\/p>\n<p><a href=\"https:\/\/lux-medicus.ee\/wp-content\/uploads\/2020\/01\/\u0411\u0430\u043d\u043d\u0435\u0440-1.png\"><img fetchpriority=\"high\" decoding=\"async\" class=\"post-image-full-width alignnone wp-image-9423 size-full\" src=\"https:\/\/lux-medicus.ee\/wp-content\/uploads\/2020\/01\/\u0411\u0430\u043d\u043d\u0435\u0440-1.png\" alt=\"\" width=\"1800\" height=\"670\" srcset=\"https:\/\/lux-medicus.ee\/wp-content\/uploads\/2020\/01\/\u0411\u0430\u043d\u043d\u0435\u0440-1.png 1800w, https:\/\/lux-medicus.ee\/wp-content\/uploads\/2020\/01\/\u0411\u0430\u043d\u043d\u0435\u0440-1-600x223.png 600w, https:\/\/lux-medicus.ee\/wp-content\/uploads\/2020\/01\/\u0411\u0430\u043d\u043d\u0435\u0440-1-300x112.png 300w, https:\/\/lux-medicus.ee\/wp-content\/uploads\/2020\/01\/\u0411\u0430\u043d\u043d\u0435\u0440-1-1024x381.png 1024w, https:\/\/lux-medicus.ee\/wp-content\/uploads\/2020\/01\/\u0411\u0430\u043d\u043d\u0435\u0440-1-768x286.png 768w, https:\/\/lux-medicus.ee\/wp-content\/uploads\/2020\/01\/\u0411\u0430\u043d\u043d\u0435\u0440-1-1536x572.png 1536w\" sizes=\"(max-width: 1800px) 100vw, 1800px\" \/><\/a><\/p>\n<p>&nbsp;<\/p>\n","protected":false},"excerpt":{"rendered":"<p><a href=\"https:\/\/lux-medicus.ee\/wp-content\/uploads\/2022\/10\/esto.jpg\" target=\"_blank\" rel=\"noopener\"><img decoding=\"async\" class=\"wp-image-15289 size-medium aligncenter\" src=\"https:\/\/lux-medicus.ee\/wp-content\/uploads\/2022\/10\/esto-300x103.jpg\" alt=\"\" width=\"300\" height=\"103\" srcset=\"https:\/\/lux-medicus.ee\/wp-content\/uploads\/2022\/10\/esto-300x103.jpg 300w, https:\/\/lux-medicus.ee\/wp-content\/uploads\/2022\/10\/esto.jpg 500w\" sizes=\"(max-width: 300px) 100vw, 300px\" \/><\/a><\/p>\n<p>J\u00e4relmaks 0% ESTO<\/p>\n<p>Lux-Medicus ilukliinik pakub kasuta ostu eest tasumisel just ESTO j\u00e4relmaksu \u2013 k\u00f5ige soodsam, mugavam ja kiirem j\u00e4relmaksulink Eestis! j\u00e4relmaksulink Eestis!<\/p>\n<p>ESTO j\u00e4relmaksu puhul on tegemist \u00fclimalt kiire ning mugava makselahendusega, mis aitab koostada sulle sinu poolt valitud perioodi alusel maksegraafiku. Antud makselahendus teeb otsuse reaalajas ning aitab ostu sooritada v\u00e4hem kui 60 sekundiga.<\/p>\n<p>&nbsp;<\/p>\n<p>Iga j\u00e4relmaks on finantskohustus. Enne j\u00e4relmaksulepingu s\u00f5lmimist tutvuge vastava teenuse tingimustega ning vajadusel konsulteerige asjatundjaga.<\/p>\n","protected":false},"author":6,"featured_media":0,"parent":0,"menu_order":0,"comment_status":"closed","ping_status":"closed","template":"page.php","meta":{"_acf_changed":false,"inline_featured_image":false,"footnotes":""},"class_list":["post-15194","page","type-page","status-publish","hentry"],"acf":[],"_links":{"self":[{"href":"https:\/\/lux-medicus.ee\/et\/wp-json\/wp\/v2\/pages\/15194","targetHints":{"allow":["GET"]}}],"collection":[{"href":"https:\/\/lux-medicus.ee\/et\/wp-json\/wp\/v2\/pages"}],"about":[{"href":"https:\/\/lux-medicus.ee\/et\/wp-json\/wp\/v2\/types\/page"}],"author":[{"embeddable":true,"href":"https:\/\/lux-medicus.ee\/et\/wp-json\/wp\/v2\/users\/6"}],"replies":[{"embeddable":true,"href":"https:\/\/lux-medicus.ee\/et\/wp-json\/wp\/v2\/comments?post=15194"}],"version-history":[{"count":11,"href":"https:\/\/lux-medicus.ee\/et\/wp-json\/wp\/v2\/pages\/15194\/revisions"}],"predecessor-version":[{"id":15300,"href":"https:\/\/lux-medicus.ee\/et\/wp-json\/wp\/v2\/pages\/15194\/revisions\/15300"}],"wp:attachment":[{"href":"https:\/\/lux-medicus.ee\/et\/wp-json\/wp\/v2\/media?parent=15194"}],"curies":[{"name":"wp","href":"https:\/\/api.w.org\/{rel}","templated":true}]}}