{"id":976,"date":"2016-08-14T14:47:30","date_gmt":"2016-08-14T14:47:30","guid":{"rendered":"http:\/\/lux-medicus.ee\/?page_id=976&#038;lang=fi"},"modified":"2018-10-12T10:50:38","modified_gmt":"2018-10-12T10:50:38","slug":"free-consultation-fin","status":"publish","type":"page","link":"http:\/\/lux-medicus.ee\/fi\/free-consultation-fin\/","title":{"rendered":"Ilmainen konsultointitilaisuus"},"content":{"rendered":"<p>Ilmoittaudu ILMAISEEN konsultointitilaisuuteen!<\/p>\n<p>Lux-Medicus Beauty Clinic -kauneusklinikka j\u00e4rjest\u00e4\u00e4 ilmaisia konsultointitilaisuuksia klinikan tarjoamista toimenpiteist\u00e4! Lux-Medicus -kauneusklinikan l\u00e4\u00e4k\u00e4ri konsultoi sinua ILMAISEKSI 15 minuutin ajan.<\/p>\n<p>Konsultointitilaisuudessa:<\/p>\n<ul>\n<li>Voit kysy\u00e4 kaikista asioista, jotka haluat tiet\u00e4\u00e4 ennen klinikassamme teht\u00e4v\u00e4\u00e4 toimenpidett\u00e4.<\/li>\n<li>L\u00e4\u00e4k\u00e4ri j\u00e4rjest\u00e4\u00e4 tarvittavat k\u00e4sitelt\u00e4v\u00e4n vartalosi tai kasvojesi osan kokeet.<\/li>\n<li>T\u00e4yt\u00e4t kyselyn, josta me selvit\u00e4mme taustatietosi valitsemaasi toimenpiteeseen liittyen.<\/li>\n<li>L\u00e4\u00e4k\u00e4ri tarkistaa, ettei toimenpiteeseen ole mit\u00e4\u00e4n estett\u00e4.<\/li>\n<li>L\u00e4\u00e4k\u00e4ri antaa toimenpidett\u00e4 koskevia ohjeita.<\/li>\n<\/ul>\n<p>Konsultointitoimenpiteet j\u00e4rjestet\u00e4\u00e4n Ma \u2013 Su 9.00 \u2013 20.00 (Ilmoittaudu etuk\u00e4teen!) Yli 15 min kest\u00e4v\u00e4n konsultoinnin hinta on 20 euroa.<\/p>\n<p>Ilmoittaudu ILMAISEEN konsultointitilaisuuteen puhelimella +372 556 84 987 tai on-line.<\/p>\n","protected":false},"excerpt":{"rendered":"<p>Ilmoittaudu ILMAISEEN konsultointitilaisuuteen!<\/p>\n<p>Lux-Medicus Beauty Clinic -kauneusklinikka j\u00e4rjest\u00e4\u00e4 ilmaisia konsultointitilaisuuksia klinikan tarjoamista toimenpiteist\u00e4! Lux-Medicus -kauneusklinikan l\u00e4\u00e4k\u00e4ri konsultoi sinua ILMAISEKSI 15 minuutin ajan.<\/p>\n<p>Konsultointitilaisuudessa:<\/p>\n<ul>\n<li>Voit kysy\u00e4 kaikista asioista, jotka haluat tiet\u00e4\u00e4 ennen klinikassamme teht\u00e4v\u00e4\u00e4 toimenpidett\u00e4.<\/li>\n<li>L\u00e4\u00e4k\u00e4ri j\u00e4rjest\u00e4\u00e4 tarvittavat k\u00e4sitelt\u00e4v\u00e4n vartalosi tai kasvojesi osan kokeet.<\/li>\n<li>T\u00e4yt\u00e4t kyselyn, josta me selvit\u00e4mme taustatietosi valitsemaasi toimenpiteeseen liittyen.<\/li>\n<li>L\u00e4\u00e4k\u00e4ri tarkistaa, ettei toimenpiteeseen ole mit\u00e4\u00e4n estett\u00e4.<\/li>\n<li>L\u00e4\u00e4k\u00e4ri antaa toimenpidett\u00e4 koskevia ohjeita.<\/li>\n<\/ul>\n","protected":false},"author":6,"featured_media":0,"parent":0,"menu_order":0,"comment_status":"closed","ping_status":"closed","template":"page.php","meta":{"_acf_changed":false,"inline_featured_image":false,"footnotes":""},"class_list":["post-976","page","type-page","status-publish","hentry"],"acf":[],"_links":{"self":[{"href":"http:\/\/lux-medicus.ee\/fi\/wp-json\/wp\/v2\/pages\/976","targetHints":{"allow":["GET"]}}],"collection":[{"href":"http:\/\/lux-medicus.ee\/fi\/wp-json\/wp\/v2\/pages"}],"about":[{"href":"http:\/\/lux-medicus.ee\/fi\/wp-json\/wp\/v2\/types\/page"}],"author":[{"embeddable":true,"href":"http:\/\/lux-medicus.ee\/fi\/wp-json\/wp\/v2\/users\/6"}],"replies":[{"embeddable":true,"href":"http:\/\/lux-medicus.ee\/fi\/wp-json\/wp\/v2\/comments?post=976"}],"version-history":[{"count":0,"href":"http:\/\/lux-medicus.ee\/fi\/wp-json\/wp\/v2\/pages\/976\/revisions"}],"wp:attachment":[{"href":"http:\/\/lux-medicus.ee\/fi\/wp-json\/wp\/v2\/media?parent=976"}],"curies":[{"name":"wp","href":"https:\/\/api.w.org\/{rel}","templated":true}]}}