{"id":899,"date":"2016-08-13T00:15:38","date_gmt":"2016-08-13T00:15:38","guid":{"rendered":"http:\/\/lux-medicus.ee\/?page_id=899&#038;lang=ru"},"modified":"2021-06-05T10:20:15","modified_gmt":"2021-06-05T07:20:15","slug":"krediit","status":"publish","type":"page","link":"http:\/\/lux-medicus.ee\/et\/krediit\/","title":{"rendered":"Krediit"},"content":{"rendered":"<p><a href=\"https:\/\/lux-medicus.ee\/wp-content\/uploads\/2020\/01\/3-1.jpg\"><img fetchpriority=\"high\" decoding=\"async\" class=\"post-image-full-width alignnone wp-image-9996 size-full\" src=\"https:\/\/lux-medicus.ee\/wp-content\/uploads\/2020\/01\/3-1.jpg\" alt=\"\" width=\"1780\" height=\"670\" srcset=\"http:\/\/lux-medicus.ee\/wp-content\/uploads\/2020\/01\/3-1.jpg 1780w, http:\/\/lux-medicus.ee\/wp-content\/uploads\/2020\/01\/3-1-600x226.jpg 600w, http:\/\/lux-medicus.ee\/wp-content\/uploads\/2020\/01\/3-1-300x113.jpg 300w, http:\/\/lux-medicus.ee\/wp-content\/uploads\/2020\/01\/3-1-1024x385.jpg 1024w, http:\/\/lux-medicus.ee\/wp-content\/uploads\/2020\/01\/3-1-768x289.jpg 768w, http:\/\/lux-medicus.ee\/wp-content\/uploads\/2020\/01\/3-1-1536x578.jpg 1536w\" sizes=\"(max-width: 1780px) 100vw, 1780px\" \/><\/a><\/p>\n<div><span style=\"color: #33cccc;\"><strong>Lux- Medicus kosmeetiliste teenuste maksmiseks 0% j\u00e4relmaks<\/strong><\/span><\/div>\n<div><\/div>\n<div>Kliiniku Lux- Medicus on r\u00f5\u00f5m Teile teatada, et Te saate kliiniku teenuseid kasutada ka <span style=\"color: #33cccc;\">j\u00e4relmaksu v\u00f5imalusega ja seda v\u00e4ga paindlikel ja soodsatel tingimustel 0% intressiga.<\/span><\/div>\n<div><\/div>\n<div>J\u00e4relmaksu eelised:<\/div>\n<ul>\n<li>Intressim\u00e4\u00e4r &#8211;<span style=\"color: #33cccc;\">0%<\/span><\/li>\n<li>J\u00e4relmaksu summa- <span style=\"color: #33cccc;\">kuni 10000\u20ac<\/span><\/li>\n<li>Esimene sissemakse alates <span style=\"color: #33cccc;\">0% kuni 50%<\/span><\/li>\n<li>Vastus taotluse m\u00f5ne minuti jooksu<\/li>\n<li>V\u00e4ike laenu v\u00f5imalus <span style=\"color: #33cccc;\">tagatiseta<\/span><\/li>\n<li>Laenu ennet\u00e4htaegne tagastamine- <span style=\"color: #33cccc;\">tasuta<\/span><\/li>\n<\/ul>\n<div><\/div>\n<div>Kliinikus kehtib j\u00e4relmaksu programm, t\u00e4nu millele saab enne kasutada kliiniku teenust ja seej\u00e4rel maksta selle eest hiljem.Me pakume teile v\u00f5imalust maksta igakuiselt osade kaupa.<\/div>\n<div><\/div>\n<div>Lihtsad n\u00f5uded j\u00e4remaksu taotlejale:<\/div>\n<ul>\n<li>\u00a0Vanus v\u00e4hemalt 18 eluaastat<\/li>\n<li>Vajalik isikutt\u00f5endav dokument<\/li>\n<\/ul>\n<h5><\/h5>\n<h5><a href=\"https:\/\/lux-medicus.ee\/wp-content\/uploads\/2021\/06\/bigbank-jarelmaks-1780x683-est.gif\"><img decoding=\"async\" class=\"post-image-full-width alignnone wp-image-14821 size-full\" src=\"https:\/\/lux-medicus.ee\/wp-content\/uploads\/2021\/06\/bigbank-jarelmaks-1780x683-est.gif\" alt=\"\" width=\"1780\" height=\"683\" \/><\/a><\/h5>\n<h5>Ja veel:<\/h5>\n<p>Kliinik Lux-Medicus v\u00f5imaldab tasuda teenuste eest j\u00e4relmaksuga, kasutades selleks Liisi, BigBank, LHV v\u00f5i MediCrediti erinevaid pakkumisi. Lepingu saab s\u00f5lmida nii digitaalselt kui kohapeal, <span style=\"color: #33cccc;\">meie kliinikus Lux-Medicus.<\/span><\/p>\n<p>Lisateave telefonil <span style=\"color: #33cccc;\"><strong>6 700 888<\/strong><\/span> v\u00f5i <span style=\"color: #33cccc;\"><strong>info@medicus.ee<\/strong><\/span><\/p>\n<p>&nbsp;<\/p>\n<p><a href=\"https:\/\/lux-medicus.ee\/wp-content\/uploads\/2020\/01\/\u0411\u0430\u043d\u043d\u0435\u0440-1.png\"><img decoding=\"async\" class=\"post-image-full-width alignnone wp-image-9425 size-full\" src=\"https:\/\/lux-medicus.ee\/wp-content\/uploads\/2020\/01\/\u0411\u0430\u043d\u043d\u0435\u0440-1.png\" alt=\"\" width=\"1800\" height=\"670\" srcset=\"http:\/\/lux-medicus.ee\/wp-content\/uploads\/2020\/01\/\u0411\u0430\u043d\u043d\u0435\u0440-1.png 1800w, http:\/\/lux-medicus.ee\/wp-content\/uploads\/2020\/01\/\u0411\u0430\u043d\u043d\u0435\u0440-1-600x223.png 600w, http:\/\/lux-medicus.ee\/wp-content\/uploads\/2020\/01\/\u0411\u0430\u043d\u043d\u0435\u0440-1-300x112.png 300w, http:\/\/lux-medicus.ee\/wp-content\/uploads\/2020\/01\/\u0411\u0430\u043d\u043d\u0435\u0440-1-1024x381.png 1024w, http:\/\/lux-medicus.ee\/wp-content\/uploads\/2020\/01\/\u0411\u0430\u043d\u043d\u0435\u0440-1-768x286.png 768w, http:\/\/lux-medicus.ee\/wp-content\/uploads\/2020\/01\/\u0411\u0430\u043d\u043d\u0435\u0440-1-1536x572.png 1536w\" sizes=\"(max-width: 1800px) 100vw, 1800px\" \/><\/a><\/p>\n","protected":false},"excerpt":{"rendered":"<p><a href=\"https:\/\/lux-medicus.ee\/wp-content\/uploads\/2020\/01\/3-1.jpg\"><img fetchpriority=\"high\" fetchpriority=\"high\" decoding=\"async\" class=\"post-image-full-width alignnone wp-image-9996 size-full\" src=\"https:\/\/lux-medicus.ee\/wp-content\/uploads\/2020\/01\/3-1.jpg\" alt=\"\" width=\"1780\" height=\"670\" srcset=\"http:\/\/lux-medicus.ee\/wp-content\/uploads\/2020\/01\/3-1.jpg 1780w, http:\/\/lux-medicus.ee\/wp-content\/uploads\/2020\/01\/3-1-600x226.jpg 600w, http:\/\/lux-medicus.ee\/wp-content\/uploads\/2020\/01\/3-1-300x113.jpg 300w, http:\/\/lux-medicus.ee\/wp-content\/uploads\/2020\/01\/3-1-1024x385.jpg 1024w, http:\/\/lux-medicus.ee\/wp-content\/uploads\/2020\/01\/3-1-768x289.jpg 768w, http:\/\/lux-medicus.ee\/wp-content\/uploads\/2020\/01\/3-1-1536x578.jpg 1536w\" sizes=\"(max-width: 1780px) 100vw, 1780px\" \/><\/a><\/p>\n<p>Lux- Medicus kosmeetiliste teenuste maksmiseks 0% j\u00e4relmaks<\/p>\n<p>Kliiniku Lux- Medicus on r\u00f5\u00f5m Teile teatada, et Te saate kliiniku teenuseid kasutada ka j\u00e4relmaksu v\u00f5imalusega ja seda v\u00e4ga paindlikel ja soodsatel tingimustel 0% intressiga.<\/p>\n<p>J\u00e4relmaksu eelised:<\/p>\n<ul>\n<li>Intressim\u00e4\u00e4r &#8211;0%<\/li>\n<li>J\u00e4relmaksu summa- kuni 10000\u20ac<\/li>\n<li>Esimene sissemakse alates 0% kuni 50%<\/li>\n<li>Vastus taotluse m\u00f5ne minuti jooksu<\/li>\n<li>V\u00e4ike laenu v\u00f5imalus tagatiseta<\/li>\n<li>Laenu ennet\u00e4htaegne tagastamine- tasuta<\/li>\n<\/ul>\n<p>Kliinikus kehtib j\u00e4relmaksu programm,<\/p>\n","protected":false},"author":6,"featured_media":0,"parent":0,"menu_order":0,"comment_status":"closed","ping_status":"closed","template":"page.php","meta":{"_acf_changed":false,"inline_featured_image":false,"footnotes":""},"class_list":["post-899","page","type-page","status-publish","hentry"],"acf":[],"_links":{"self":[{"href":"http:\/\/lux-medicus.ee\/et\/wp-json\/wp\/v2\/pages\/899","targetHints":{"allow":["GET"]}}],"collection":[{"href":"http:\/\/lux-medicus.ee\/et\/wp-json\/wp\/v2\/pages"}],"about":[{"href":"http:\/\/lux-medicus.ee\/et\/wp-json\/wp\/v2\/types\/page"}],"author":[{"embeddable":true,"href":"http:\/\/lux-medicus.ee\/et\/wp-json\/wp\/v2\/users\/6"}],"replies":[{"embeddable":true,"href":"http:\/\/lux-medicus.ee\/et\/wp-json\/wp\/v2\/comments?post=899"}],"version-history":[{"count":4,"href":"http:\/\/lux-medicus.ee\/et\/wp-json\/wp\/v2\/pages\/899\/revisions"}],"predecessor-version":[{"id":14832,"href":"http:\/\/lux-medicus.ee\/et\/wp-json\/wp\/v2\/pages\/899\/revisions\/14832"}],"wp:attachment":[{"href":"http:\/\/lux-medicus.ee\/et\/wp-json\/wp\/v2\/media?parent=899"}],"curies":[{"name":"wp","href":"https:\/\/api.w.org\/{rel}","templated":true}]}}