{"id":606,"date":"2016-08-07T22:28:40","date_gmt":"2016-08-07T22:28:40","guid":{"rendered":"http:\/\/stefanovitsh.com\/projects\/lux-medicus\/?page_id=145"},"modified":"2018-10-12T10:46:44","modified_gmt":"2018-10-12T10:46:44","slug":"tasuta-konsultatsioon","status":"publish","type":"page","link":"http:\/\/lux-medicus.ee\/et\/tasuta-konsultatsioon\/","title":{"rendered":"Tasuta konsultatsioon"},"content":{"rendered":"<p>Registreeruge TASUTA konsultatsioonile!<\/p>\n<p>Ilukliinikus \u00abLux-Medicus Beauty Clinic\u00bb toimuvad tasuta konsultatsioonid protseduuride kohta, mida meie kliinik pakub! Spetsialisti konsultatsioone Lux-Medicus kliinikus viiakse esimesed 15 minutit l\u00e4bi TASUTA.<\/p>\n<p>Konsultatsioonil:<\/p>\n<ul>\n<li>V\u00f5ite esitada mis tahes k\u00fcsimusi eelseisva protseduuri kohta meie kliinikus.<\/li>\n<li>Spetsialist teeb t\u00f6\u00f6deldavale keha- v\u00f5i n\u00e4oosale testi.<\/li>\n<li>Te t\u00e4idate ankeedi, mille p\u00f5hjal me veendume, et v\u00f5ime selle protseduuriga alustada.<\/li>\n<li>Spetsialist veendub, et protseduurile ei ole vastun\u00e4idustusi.<\/li>\n<li>Spetsialist annab antud protseduuri kohta n\u00f5u.<\/li>\n<\/ul>\n<p>Konsultatsioonid toimuvad E \u2013 P 9:00 kuni 20:00 (eelregistreerimine)! Spetsialisti konsultatsiooni maksumus, mis \u00fcletab 15 minutit \u2014 20 eurot.<\/p>\n<p style=\"text-align: left;\">Registreeruge TASUTA konsultatsioonile telefonil\u00a0+372 556 84 987\u00a0v\u00f5i kasutades mugavat vormi paremal.<\/p>\n","protected":false},"excerpt":{"rendered":"<p>Registreeruge TASUTA konsultatsioonile!<\/p>\n<p>Ilukliinikus \u00abLux-Medicus Beauty Clinic\u00bb toimuvad tasuta konsultatsioonid protseduuride kohta, mida meie kliinik pakub! Spetsialisti konsultatsioone Lux-Medicus kliinikus viiakse esimesed 15 minutit l\u00e4bi TASUTA.<\/p>\n<p>Konsultatsioonil:<\/p>\n<ul>\n<li>V\u00f5ite esitada mis tahes k\u00fcsimusi eelseisva protseduuri kohta meie kliinikus.<\/li>\n<li>Spetsialist teeb t\u00f6\u00f6deldavale keha- v\u00f5i n\u00e4oosale testi.<\/li>\n<li>Te t\u00e4idate ankeedi, mille p\u00f5hjal me veendume, et v\u00f5ime selle protseduuriga alustada.<\/li>\n<li>Spetsialist veendub, et protseduurile ei ole vastun\u00e4idustusi.<\/li>\n<\/ul>\n","protected":false},"author":6,"featured_media":0,"parent":0,"menu_order":0,"comment_status":"closed","ping_status":"closed","template":"page.php","meta":{"_acf_changed":false,"inline_featured_image":false,"footnotes":""},"class_list":["post-606","page","type-page","status-publish","hentry"],"acf":[],"_links":{"self":[{"href":"http:\/\/lux-medicus.ee\/et\/wp-json\/wp\/v2\/pages\/606","targetHints":{"allow":["GET"]}}],"collection":[{"href":"http:\/\/lux-medicus.ee\/et\/wp-json\/wp\/v2\/pages"}],"about":[{"href":"http:\/\/lux-medicus.ee\/et\/wp-json\/wp\/v2\/types\/page"}],"author":[{"embeddable":true,"href":"http:\/\/lux-medicus.ee\/et\/wp-json\/wp\/v2\/users\/6"}],"replies":[{"embeddable":true,"href":"http:\/\/lux-medicus.ee\/et\/wp-json\/wp\/v2\/comments?post=606"}],"version-history":[{"count":0,"href":"http:\/\/lux-medicus.ee\/et\/wp-json\/wp\/v2\/pages\/606\/revisions"}],"wp:attachment":[{"href":"http:\/\/lux-medicus.ee\/et\/wp-json\/wp\/v2\/media?parent=606"}],"curies":[{"name":"wp","href":"https:\/\/api.w.org\/{rel}","templated":true}]}}