{"id":14012,"date":"2020-08-07T08:36:27","date_gmt":"2020-08-07T08:36:27","guid":{"rendered":"https:\/\/lux-medicus.ee\/offers\/"},"modified":"2020-08-18T16:18:35","modified_gmt":"2020-08-18T13:18:35","slug":"offers","status":"publish","type":"page","link":"http:\/\/lux-medicus.ee\/et\/offers\/","title":{"rendered":"Kampaaniad"},"content":{"rendered":"<p>[vc_row][vc_column][vc_basic_grid post_type=&#8221;post&#8221; max_items=&#8221;&#8221; show_filter=&#8221;yes&#8221; element_width=&#8221;3&#8243; filter_default_title=&#8221;K\u00f5ik&#8221; item=&#8221;13791&#8243; grid_id=&#8221;vc_gid:1597756692164-b68c80e8-568e-2&#8243; taxonomies=&#8221;58, 59&#8243; filter_source=&#8221;category&#8221; exclude_filter=&#8221;25&#8243;][vc_empty_space][vc_row_inner el_class=&#8221;terms&#8221;][vc_column_inner width=&#8221;1\/2&#8243;][vc_btn title=&#8221;Pakkumiste ja pakettide kasutamise \u00fcldeeskirjad&#8221; size=&#8221;lg&#8221; align=&#8221;center&#8221; i_icon_fontawesome=&#8221;far fa-file&#8221; button_block=&#8221;true&#8221; add_icon=&#8221;true&#8221; link=&#8221;url:https%3A%2F%2Flux-medicus.ee%2Fet%2Fmuugitingimused%2F|title:%D0%A3%D1%81%D0%BB%D0%BE%D0%B2%D0%B8%D1%8F%20%D0%9F%D1%80%D0%BE%D0%B4%D0%B0%D0%B6%D0%B8||&#8221; el_class=&#8221;of-btn&#8221; css=&#8221;.vc_custom_1597432428680{margin-right: 30px !important;}&#8221;][\/vc_column_inner][vc_column_inner width=&#8221;1\/2&#8243;][vc_btn title=&#8221;Kliiniku hinnakiri&#8221; size=&#8221;lg&#8221; align=&#8221;center&#8221; i_icon_fontawesome=&#8221;fas fa-wallet&#8221; button_block=&#8221;true&#8221; add_icon=&#8221;true&#8221; link=&#8221;url:https%3A%2F%2Flux-medicus.ee%2Fet%2Fhinnakiri%2F|title:%D0%A3%D1%81%D0%BB%D0%BE%D0%B2%D0%B8%D1%8F%20%D0%9F%D1%80%D0%BE%D0%B4%D0%B0%D0%B6%D0%B8||&#8221; el_class=&#8221;of-btn&#8221;][\/vc_column_inner][\/vc_row_inner][vc_empty_space height=&#8221;50px&#8221;][\/vc_column][\/vc_row][vc_row full_width=&#8221;stretch_row&#8221; parallax=&#8221;content-moving&#8221; parallax_image=&#8221;14264&#8243; el_id=&#8221;service-registration-form&#8221;][vc_column width=&#8221;1\/3&#8243; el_class=&#8221;of-form&#8221;][vc_column_text el_class=&#8221;form-block&#8221;]<\/p>\n<div class=\"wpb_text_column us_custom_72595dac\">\n<div class=\"wpb_wrapper\">\n<h5 style=\"text-align: center;\"><span style=\"color: #000000;\">Registreeruge tasuta konsultatsiooniks<\/span><\/h5>\n<\/div>\n<\/div>\n<div class=\"wpcf7 no-js\" id=\"wpcf7-f3471-o1\" lang=\"et\" dir=\"ltr\" data-wpcf7-id=\"3471\">\n<div class=\"screen-reader-response\"><p role=\"status\" aria-live=\"polite\" aria-atomic=\"true\"><\/p> <ul><\/ul><\/div>\n<form action=\"\/et\/wp-json\/wp\/v2\/pages\/14012#wpcf7-f3471-o1\" method=\"post\" class=\"wpcf7-form init\" aria-label=\"Contact form\" novalidate=\"novalidate\" data-status=\"init\">\n<fieldset class=\"hidden-fields-container\"><input type=\"hidden\" name=\"_wpcf7\" value=\"3471\" \/><input type=\"hidden\" name=\"_wpcf7_version\" value=\"6.1.5\" \/><input type=\"hidden\" name=\"_wpcf7_locale\" value=\"et\" \/><input type=\"hidden\" name=\"_wpcf7_unit_tag\" value=\"wpcf7-f3471-o1\" \/><input type=\"hidden\" name=\"_wpcf7_container_post\" value=\"0\" \/><input type=\"hidden\" name=\"_wpcf7_posted_data_hash\" value=\"\" \/>\n<\/fieldset>\n<div class=\"free-form\">\n\t<div class=\"free-form-left\">\n\t\t<p><span class=\"wpcf7-form-control-wrap\" data-name=\"your-name\"><input size=\"40\" maxlength=\"400\" class=\"wpcf7-form-control wpcf7-text wpcf7-validates-as-required\" aria-required=\"true\" aria-invalid=\"false\" placeholder=\"Teie nimi*\" value=\"\" type=\"text\" name=\"your-name\" \/><\/span><br \/>\n<span class=\"wpcf7-form-control-wrap\" data-name=\"your-email\"><input size=\"40\" maxlength=\"400\" class=\"wpcf7-form-control wpcf7-email wpcf7-validates-as-required wpcf7-text wpcf7-validates-as-email\" aria-required=\"true\" aria-invalid=\"false\" placeholder=\"Teie email*\" value=\"\" type=\"email\" name=\"your-email\" \/><\/span><br \/>\n<span class=\"wpcf7-form-control-wrap\" data-name=\"your-number\"><input size=\"40\" maxlength=\"400\" class=\"wpcf7-form-control wpcf7-text\" aria-invalid=\"false\" placeholder=\"Teie telefon\" value=\"\" type=\"text\" name=\"your-number\" \/><\/span><br \/>\n<span class=\"wpcf7-form-control-wrap\" data-name=\"the-location\"><select class=\"wpcf7-form-control wpcf7-select\" aria-invalid=\"false\" name=\"the-location\"><option value=\"\">Valige koht<\/option><option value=\"Kesklinn: J\u00f5e 2b - Iluteenused, Ilus\u00fcstid, neuroloogia\">Kesklinn: J\u00f5e 2b - Iluteenused, Ilus\u00fcstid, neuroloogia<\/option><option value=\"Mustam\u00e4e: Sipelga 2 - Iluteenused\">Mustam\u00e4e: Sipelga 2 - Iluteenused<\/option><option value=\"Lasnam\u00e4e: Linnam\u00e4e tee 3 - Iluteenused, Ilus\u00fcstid, neuroloogia\">Lasnam\u00e4e: Linnam\u00e4e tee 3 - Iluteenused, Ilus\u00fcstid, neuroloogia<\/option><option value=\"Helsinki: Fredrikinkatu 64 - Iluteenused, Ilus\u00fcstid\">Helsinki: Fredrikinkatu 64 - Iluteenused, Ilus\u00fcstid<\/option><option value=\"Vantaa: Vernissakatu 6\">Vantaa: Vernissakatu 6<\/option><\/select><\/span><br \/>\n<span class=\"wpcf7-form-control-wrap\" data-name=\"your-service\"><select class=\"wpcf7-form-control wpcf7-select\" aria-invalid=\"false\" name=\"your-service\"><option value=\"\">Palun valige teenus<\/option><option value=\"Ilus\u00fcstid: Lasnam\u00e4e, Kesklinn, Helsinki\">Ilus\u00fcstid: Lasnam\u00e4e, Kesklinn, Helsinki<\/option><option value=\"Mesoniidid: Lasnam\u00e4e, Kesklinn, Helsinki\">Mesoniidid: Lasnam\u00e4e, Kesklinn, Helsinki<\/option><option value=\"Laser protseduurid\">Laser protseduurid<\/option><option value=\"Esteetiline meditsiin: Lasnam\u00e4e, Kesklinn, Helsinki\">Esteetiline meditsiin: Lasnam\u00e4e, Kesklinn, Helsinki<\/option><option value=\"N\u00e4o protseduurid\">N\u00e4o protseduurid<\/option><option value=\"Keha protseduurid\">Keha protseduurid<\/option><option value=\"Trihholoogia\">Trihholoogia<\/option><option value=\"Piilingud\">Piilingud<\/option><option value=\"Aparaatne kosmetoloogia\">Aparaatne kosmetoloogia<\/option><option value=\"Hammaste valgendamine: Lasnam\u00e4e, Kesklinn, Helsinki\">Hammaste valgendamine: Lasnam\u00e4e, Kesklinn, Helsinki<\/option><option value=\"ELOS epilatsioon\">ELOS epilatsioon<\/option><option value=\"Muu protseduur\">Muu protseduur<\/option><\/select><\/span>\n\t\t<\/p>\n\t<\/div>\n\t<div class=\"free-form-right\">\n\t\t<p><span class=\"wpcf7-form-control-wrap\" data-name=\"StartDate\"><input size=\"40\" maxlength=\"400\" class=\"wpcf7-form-control wpcf7-text bookingdata\" aria-invalid=\"false\" value=\"\" type=\"text\" name=\"StartDate\" \/><\/span><br \/>\n<input class=\"wpcf7-form-control wpcf7-submit has-spinner\" type=\"submit\" value=\"Registreeri\" \/>\n\t\t<\/p>\n\t<\/div>\n<\/div><p style=\"display: none !important;\" class=\"akismet-fields-container\" data-prefix=\"_wpcf7_ak_\"><label>&#916;<textarea name=\"_wpcf7_ak_hp_textarea\" cols=\"45\" rows=\"8\" maxlength=\"100\"><\/textarea><\/label><input type=\"hidden\" id=\"ak_js_1\" name=\"_wpcf7_ak_js\" value=\"101\"\/><script>document.getElementById( \"ak_js_1\" ).setAttribute( \"value\", ( new Date() ).getTime() );<\/script><\/p><input type='hidden' class='wpcf7-pum' value='{\"closepopup\":false,\"closedelay\":0,\"openpopup\":false,\"openpopup_id\":0}' \/><div class=\"wpcf7-response-output\" aria-hidden=\"true\"><\/div>\n<\/form>\n<\/div>\n[\/vc_column_text][\/vc_column][vc_column width=&#8221;2\/3&#8243;][\/vc_column][\/vc_row]<\/p>\n","protected":false},"excerpt":{"rendered":"<p>[vc_row][vc_column][vc_basic_grid post_type=&#8221;post&#8221; max_items=&#8221;&#8221; show_filter=&#8221;yes&#8221; element_width=&#8221;3&#8243; filter_default_title=&#8221;K\u00f5ik&#8221; item=&#8221;13791&#8243; grid_id=&#8221;vc_gid:1597756692164-b68c80e8-568e-2&#8243; taxonomies=&#8221;58, 59&#8243; filter_source=&#8221;category&#8221; exclude_filter=&#8221;25&#8243;][vc_empty_space][vc_row_inner el_class=&#8221;terms&#8221;][vc_column_inner width=&#8221;1\/2&#8243;][vc_btn title=&#8221;Pakkumiste ja pakettide kasutamise \u00fcldeeskirjad&#8221; size=&#8221;lg&#8221; align=&#8221;center&#8221; i_icon_fontawesome=&#8221;far fa-file&#8221; button_block=&#8221;true&#8221; add_icon=&#8221;true&#8221; link=&#8221;url:https%3A%2F%2Flux-medicus.ee%2Fet%2Fmuugitingimused%2F|title:%D0%A3%D1%81%D0%BB%D0%BE%D0%B2%D0%B8%D1%8F%20%D0%9F%D1%80%D0%BE%D0%B4%D0%B0%D0%B6%D0%B8||&#8221; el_class=&#8221;of-btn&#8221; css=&#8221;.vc_custom_1597432428680{margin-right: 30px !important;}&#8221;][\/vc_column_inner][vc_column_inner width=&#8221;1\/2&#8243;][vc_btn title=&#8221;Kliiniku hinnakiri&#8221; size=&#8221;lg&#8221; align=&#8221;center&#8221; i_icon_fontawesome=&#8221;fas fa-wallet&#8221; button_block=&#8221;true&#8221; add_icon=&#8221;true&#8221; link=&#8221;url:https%3A%2F%2Flux-medicus.ee%2Fet%2Fhinnakiri%2F|title:%D0%A3%D1%81%D0%BB%D0%BE%D0%B2%D0%B8%D1%8F%20%D0%9F%D1%80%D0%BE%D0%B4%D0%B0%D0%B6%D0%B8||&#8221; el_class=&#8221;of-btn&#8221;][\/vc_column_inner][\/vc_row_inner][vc_empty_space height=&#8221;50px&#8221;][\/vc_column][\/vc_row][vc_row full_width=&#8221;stretch_row&#8221; parallax=&#8221;content-moving&#8221; parallax_image=&#8221;14264&#8243; el_id=&#8221;service-registration-form&#8221;][vc_column width=&#8221;1\/3&#8243; el_class=&#8221;of-form&#8221;][vc_column_text el_class=&#8221;form-block&#8221;]<\/p>\n<p>Registreeruge tasuta konsultatsiooniks<\/p>\n<p>[\/vc_column_text][\/vc_column][vc_column width=&#8221;2\/3&#8243;][\/vc_column][\/vc_row]<\/p>\n","protected":false},"author":6,"featured_media":0,"parent":0,"menu_order":0,"comment_status":"closed","ping_status":"closed","template":"fullwidth.php","meta":{"_acf_changed":false,"inline_featured_image":false,"footnotes":""},"class_list":["post-14012","page","type-page","status-publish","hentry"],"acf":[],"_links":{"self":[{"href":"http:\/\/lux-medicus.ee\/et\/wp-json\/wp\/v2\/pages\/14012","targetHints":{"allow":["GET"]}}],"collection":[{"href":"http:\/\/lux-medicus.ee\/et\/wp-json\/wp\/v2\/pages"}],"about":[{"href":"http:\/\/lux-medicus.ee\/et\/wp-json\/wp\/v2\/types\/page"}],"author":[{"embeddable":true,"href":"http:\/\/lux-medicus.ee\/et\/wp-json\/wp\/v2\/users\/6"}],"replies":[{"embeddable":true,"href":"http:\/\/lux-medicus.ee\/et\/wp-json\/wp\/v2\/comments?post=14012"}],"version-history":[{"count":9,"href":"http:\/\/lux-medicus.ee\/et\/wp-json\/wp\/v2\/pages\/14012\/revisions"}],"predecessor-version":[{"id":14268,"href":"http:\/\/lux-medicus.ee\/et\/wp-json\/wp\/v2\/pages\/14012\/revisions\/14268"}],"wp:attachment":[{"href":"http:\/\/lux-medicus.ee\/et\/wp-json\/wp\/v2\/media?parent=14012"}],"curies":[{"name":"wp","href":"https:\/\/api.w.org\/{rel}","templated":true}]}}